{"id":8,"date":"2021-09-29T12:36:25","date_gmt":"2021-09-29T10:36:25","guid":{"rendered":"https:\/\/cszmb.cz\/?page_id=8"},"modified":"2022-01-17T19:24:23","modified_gmt":"2022-01-17T18:24:23","slug":"kontakt","status":"publish","type":"page","link":"https:\/\/cszmb.cz\/en\/kontakt\/","title":{"rendered":"Contact"},"content":{"rendered":"<h2 class=\"has-text-align-left wp-block-heading\" id=\"objednavky\">Distribuce a p\u0159edplatn\u00e9 \u010dasopisu<\/h2>\n\n\n\n<p class=\"has-text-align-left\">Objedn\u00e1vky \u010casopisu Slezsk\u00e9ho zemsk\u00e9ho muzea, S\u00e9rie B \u2013 v\u011bdy historick\u00e9 zas\u00edlejte na adresu:<br>Slezsk\u00e9 zemsk\u00e9 muzeum<br>N\u00e1dra\u017en\u00ed okruh 31<br>746 01 Opava<br><strong>E-mail:<\/strong> muzejni.obchod(at)szm.cz<br><strong>Tel.:<\/strong> +420 553 622 999, David Fi\u0161er<\/p>\n\n\n\n<div style=\"height:50px\" aria-hidden=\"true\" class=\"wp-block-spacer\"><\/div>\n\n\n\n<h2 class=\"has-text-align-right wp-block-heading\" id=\"kontakt\">Kontakt na redakci<\/h2>\n\n\n\n<p class=\"has-text-align-right\">Slezsk\u00e9 zemsk\u00e9 muzeum<br>N\u00e1dra\u017en\u00ed okruh 31<br>746 01 Opava<br>I\u010c: 00100595<br><strong>E-mail:<\/strong> cszmb(at)szm.cz<br><strong>Tel.:<\/strong> +420 734 751 098<\/p>","protected":false},"excerpt":{"rendered":"<p>Distribuce a p\u0159edplatn\u00e9 \u010dasopisu Objedn\u00e1vky \u010casopisu Slezsk\u00e9ho zemsk\u00e9ho muzea, S\u00e9rie B \u2013 v\u011bdy historick\u00e9 zas\u00edlejte na adresu:Slezsk\u00e9 zemsk\u00e9 muzeumN\u00e1dra\u017en\u00ed okruh 31746 01 OpavaE-mail: muzejni.obchod(at)szm.czTel.: +420 553 622 999, David Fi\u0161er Kontakt na redakci Slezsk\u00e9 zemsk\u00e9 muzeumN\u00e1dra\u017en\u00ed okruh 31746 01 OpavaI\u010c: 00100595E-mail: cszmb(at)szm.czTel.: +420 734 751 098<\/p>","protected":false},"author":1,"featured_media":0,"parent":0,"menu_order":0,"comment_status":"closed","ping_status":"closed","template":"","meta":{"footnotes":""},"class_list":["post-8","page","type-page","status-publish","hentry","entry"],"_links":{"self":[{"href":"https:\/\/cszmb.cz\/en\/wp-json\/wp\/v2\/pages\/8","targetHints":{"allow":["GET"]}}],"collection":[{"href":"https:\/\/cszmb.cz\/en\/wp-json\/wp\/v2\/pages"}],"about":[{"href":"https:\/\/cszmb.cz\/en\/wp-json\/wp\/v2\/types\/page"}],"author":[{"embeddable":true,"href":"https:\/\/cszmb.cz\/en\/wp-json\/wp\/v2\/users\/1"}],"replies":[{"embeddable":true,"href":"https:\/\/cszmb.cz\/en\/wp-json\/wp\/v2\/comments?post=8"}],"version-history":[{"count":12,"href":"https:\/\/cszmb.cz\/en\/wp-json\/wp\/v2\/pages\/8\/revisions"}],"predecessor-version":[{"id":598,"href":"https:\/\/cszmb.cz\/en\/wp-json\/wp\/v2\/pages\/8\/revisions\/598"}],"wp:attachment":[{"href":"https:\/\/cszmb.cz\/en\/wp-json\/wp\/v2\/media?parent=8"}],"curies":[{"name":"wp","href":"https:\/\/api.w.org\/{rel}","templated":true}]}}