{"id":767,"date":"2025-11-24T17:33:32","date_gmt":"2025-11-24T16:33:32","guid":{"rendered":"https:\/\/cszmb.cz\/?page_id=767"},"modified":"2025-11-24T17:35:22","modified_gmt":"2025-11-24T16:35:22","slug":"2025-01","status":"publish","type":"page","link":"https:\/\/cszmb.cz\/en\/2025-01\/","title":{"rendered":"2025-01"},"content":{"rendered":"<h1 class=\"wp-block-heading has-text-align-right\">\u010cASOPIS SZM, s\u00e9rie B \u2013 V\u011aDY HISTORICK\u00c9 LXXIV \/ 1 \/ 2025<\/h1>\n\n\n\n<h2 class=\"wp-block-heading\"><a href=\"\/wp-content\/uploads\/CSZMB_1_2025_1.pdf\">UNIVERZITN\u00cd EXTENZE VE SLEZSKUA NA SEVEROV\u00ddCHODN\u00cd MORAV\u011a DO ROKU 1918 <\/a><\/h2>\n\n\n\n<h3 class=\"wp-block-heading\">University Extension in Silesia and the Region of Ostrava until 1918<\/h3>\n\n\n\n<h4 class=\"wp-block-heading\">Pavel \u0160op\u00e1k<\/h4>\n\n\n\n<h5 class=\"wp-block-heading\">DOI 10.69108\/cszm-b.2025.1.01 <\/h5>\n\n\n\n<h5 class=\"wp-block-heading\">As part of educational activities intended for the widest possible audience, so-called university extensions \u2013 lectures by university professors and other educators \u2013 were organized from the end of the 19th century. These events were organized in Opava, Moravian Ostrava, and other towns in North Moravia. The text reconstructs the group of speakers and the topics presented to the audience.<\/h5>\n\n\n\n<h2 class=\"wp-block-heading\"><a href=\"\/wp-content\/uploads\/CSZMB_1_2025_2.pdf\">KONFISKOVAN\u00c9 OBRAZY. OSUD MOBILI\u00c1\u0158\u016e SLEZSK\u00ddCH Z\u00c1MK\u016e A JEJICH CESTA DO SB\u00cdRKY SLEZSK\u00c9HO ZEMSK\u00c9HO MUZEA<\/a><\/h2>\n\n\n\n<h3 class=\"wp-block-heading\">Confiscated Paintings. The Fate of Contents of Silesian Chateaux and their Journey to the Collection of the Silesian Museum<\/h3>\n\n\n\n<h4 class=\"wp-block-heading\">Lenka Vale\u010dkov\u00e1<\/h4>\n\n\n\n<h5 class=\"wp-block-heading\">DOI 10.69108\/cszm-b.2025.1.02<\/h5>\n\n\n\n<h5 class=\"wp-block-heading\">The fine arts collection of the Silesian Museumin Opava comprises around 40,000 items, wherein almost 6,000 of them are listed as confiscated property, often without further specification. Provenance research, i.e. the effort to trace the provenance and mobility of a work and its owners in the past, has become a focus of interest for art historians in recent years, both in the Czech Republic and abroad. This research, long associated primarily with Jewish property looted by the Nazis during the war, is now also turning its attention to the transfer of works of art after 1945. The objective of this study was to examine the implementation of Decree No. 12\/1945 Coll., which nationalized agricultural property, including large estates and chateaux with their interior contents, in the geographical region of Silesia and Northern Moravia. And above all, to map the processes by which works of art belonging to the nobility ended up in the SZM collection.<\/h5>\n\n\n\n<h2 class=\"wp-block-heading\"><a href=\"\/wp-content\/uploads\/CSZMB_1_2025_3.pdf\">SB\u00cdRKA MUZEA TATRA KOP\u0158IVNICE Z POHLEDU PAM\u00c1TKOV\u00c9 P\u00c9\u010cE<\/a><\/h2>\n\n\n\n<h3 class=\"wp-block-heading\">Collection of Museum Tatra Kop\u0159ivnice from the Viewpoint of Historic Preservation<\/h3>\n\n\n\n<h4 class=\"wp-block-heading\">Milo\u0161 Mat\u011bj<\/h4>\n\n\n\n<h5 class=\"wp-block-heading\">DOI 10.69108\/cszm-b.2025.1.03<\/h5>\n\n\n\n<h5 class=\"wp-block-heading\">The Tatra vehicle manufacturer is one of the significant historical, technical and cultural phenomena of the region. A number of historical firsts and technical innovations were so significant that, at the turn of the 1950s and 1960s, it was possible to build up and further develop a collection of prototype cars, chassis and engines. The collection is now not only kept in the central collection register (CES), but its larger part is also registered as cultural monuments under the protection of the Act on State Monument Care. Unfortunately, in the 1990s, several renovations took place, the course and results of which do not correspond to the contemporary approach to the restoration of historic cars in the sense of the so-called Charter of Turin. The contribution thus aims to analyze and systematize the authentic value of individual collection items and exhibits and to propose a conceptual approach to the collection as a whole and its most significant individual items.\n<\/h5>\n\n\n\n\n<h2 class=\"wp-block-heading\"><a href=\"\/wp-content\/uploads\/CSZMB_1_2025_4.pdf\">Material Studies<\/a><\/h2>\n\n\n\n<h3 class=\"wp-block-heading\">Soubor nov\u00fdch \u0159\u00edmsk\u00fdch minc\u00ed z Brunt\u00e1lska a Opavska (Miroslav Da\u0148hel, DOI 10.69108\/cszm-b.2025.1.04)<\/h3>\n\n\n\n<h3 class=\"wp-block-heading\">Vyhodnocen\u00ed archeologick\u00fdch a jin\u00fdch pramen\u016f vztahuj\u00edc\u00edch se k domn\u011bl\u00e9 tvrzi \u010d. 2 ze Star\u00e9 B\u011bl\u00e9 u Ostravy (Milan Li\u010dka \u2013 Hana Lafkov\u00e1 \u2013 Josef Sou\u010dek, DOI 10.69108\/cszm-b.2025.1.05)<\/h3>\n\n\n\n<h3 class=\"wp-block-heading\">Petroarcheologick\u00e9 anal\u00fdzy st\u0159edov\u011bk\u00e9 glazovan\u00e9 keramiky z m\u011bsta Opavy na z\u00e1klad\u011b n\u00e1lez\u016f z v\u00fdzkum\u016f Slezsk\u00e9ho zemsk\u00e9ho muzea (Ji\u0159\u00ed Juchelka, DOI 10.69108\/cszm-b.2025.1.06)<\/h3>\n\n\n\n<h3 class=\"wp-block-heading\">Karl Teichmann \u2013 eso rakousko-uhersk\u00e9ho letectva ze Slezska? (Petr Aharon Tesa\u0159, DOI 10.69108\/cszm-b.2025.1.07)<\/h3>\n\n\n\n<h3 class=\"wp-block-heading\">Dva pomn\u00edky Josefa Kittricha (Pavel \u0160op\u00e1k, DOI 10.69108\/cszm-b.2025.1.08)<\/h3>\n\n\n\n\n<h2 class=\"wp-block-heading\"><a href=\"\/wp-content\/uploads\/CSZMB_1_2025_5.pdf\">Recenze a zpr\u00e1vy o literatu\u0159e<\/a><\/h2>\n\n\n\n<h5 class=\"wp-block-heading\">DOI 10.69108\/cszm-b.2025.1.10<\/h5>\n\n\n\n<h3 class=\"wp-block-heading\">Dva \u017eivotopisy v\u00fdznamn\u00fdch polsk\u00fdch spisovatel\u016f z T\u011b\u0161\u00ednska (Ji\u0159\u00ed \u0160\u00edl)<\/h3>\n\n\n\n<h2 class=\"wp-block-heading\"><a href=\"\/wp-content\/uploads\/CSZMB_1_2025_6.pdf\">Chronicle<\/a><\/h2>\n\n\n\n<h5 class=\"wp-block-heading\">DOI 10.69108\/cszm-b.2025.1.09<\/h5>\n\n\n\n<h3 class=\"wp-block-heading\">Richard Kristinus (1865\u20131926). P\u0159ipom\u00ednka k 160. v\u00fdro\u010d\u00ed narozen\u00ed (Pavel \u0160op\u00e1k)<\/h3>\n\n\n\n<h3 class=\"wp-block-heading\">Socha\u0159 Hans Schwathe (1870\u20131950) (Pavel \u0160op\u00e1k)<\/h3>","protected":false},"excerpt":{"rendered":"<p>\u010cASOPIS SZM, s\u00e9rie B \u2013 V\u011aDY HISTORICK\u00c9 LXXIV \/ 1 \/ 2025 UNIVERZITN\u00cd EXTENZE VE SLEZSKUA NA SEVEROV\u00ddCHODN\u00cd MORAV\u011a DO ROKU 1918 University Extension in Silesia and the Region of Ostrava until 1918 Pavel \u0160op\u00e1k DOI 10.69108\/cszm-b.2025.1.01 As part of educational activities intended for the widest possible audience, so-called university extensions \u2013 lectures by university&hellip; <a class=\"more-link\" href=\"https:\/\/cszmb.cz\/en\/2025-01\/\">Continue reading <span class=\"screen-reader-text\">2025-01<\/span><\/a><\/p>","protected":false},"author":1,"featured_media":0,"parent":0,"menu_order":0,"comment_status":"closed","ping_status":"closed","template":"","meta":{"footnotes":""},"class_list":["post-767","page","type-page","status-publish","hentry","entry"],"_links":{"self":[{"href":"https:\/\/cszmb.cz\/en\/wp-json\/wp\/v2\/pages\/767","targetHints":{"allow":["GET"]}}],"collection":[{"href":"https:\/\/cszmb.cz\/en\/wp-json\/wp\/v2\/pages"}],"about":[{"href":"https:\/\/cszmb.cz\/en\/wp-json\/wp\/v2\/types\/page"}],"author":[{"embeddable":true,"href":"https:\/\/cszmb.cz\/en\/wp-json\/wp\/v2\/users\/1"}],"replies":[{"embeddable":true,"href":"https:\/\/cszmb.cz\/en\/wp-json\/wp\/v2\/comments?post=767"}],"version-history":[{"count":3,"href":"https:\/\/cszmb.cz\/en\/wp-json\/wp\/v2\/pages\/767\/revisions"}],"predecessor-version":[{"id":770,"href":"https:\/\/cszmb.cz\/en\/wp-json\/wp\/v2\/pages\/767\/revisions\/770"}],"wp:attachment":[{"href":"https:\/\/cszmb.cz\/en\/wp-json\/wp\/v2\/media?parent=767"}],"curies":[{"name":"wp","href":"https:\/\/api.w.org\/{rel}","templated":true}]}}