{"id":754,"date":"2024-12-09T00:25:32","date_gmt":"2024-12-08T23:25:32","guid":{"rendered":"https:\/\/cszmb.cz\/?page_id=754"},"modified":"2024-12-10T11:02:23","modified_gmt":"2024-12-10T10:02:23","slug":"2024-03","status":"publish","type":"page","link":"https:\/\/cszmb.cz\/en\/2024-03\/","title":{"rendered":"2024-03"},"content":{"rendered":"<h1 class=\"wp-block-heading has-text-align-right\">\u010cASOPIS SZM, s\u00e9rie B \u2013 V\u011aDY HISTORICK\u00c9 LXXIII \/ 3 \/ 2024<\/h1>\n\n\n\n<h2 class=\"wp-block-heading\"><a href=\"\/wp-content\/uploads\/CSZMB_3_2024_1.pdf\">BEZPE\u010cNOSTN\u00cd DOHLED NAD DUCHOVN\u00cdMI V OBVODU OSTRAVSK\u00c9 EXPOZITURY ZNV 1945-1948<\/a><\/h2>\n\n\n\n<h3 class=\"wp-block-heading\">Security Monitoring of Activities of Clergy in the Territory of Ostrava Branch of Provincial National Committee 1945\u20131948 <\/h3>\n\n\n\n<h4 class=\"wp-block-heading\">Lubom\u00edr Hlavienka \u2013 Ond\u0159ej Kol\u00e1\u0159<\/h4>\n\n\n\n<h5 class=\"wp-block-heading\">The study deals with security monitoring of activities of clergy in the territory of Ostrava Branch of Provincial National Committee during the period of so-called Third Czechoslovak Republic in 1945\u20131948. The research focuses mainly on approach of state authorities towards clergymen of German and Polish origin in the context of inter-ethnic relations and post-war demographic and social changes in the region. The paper is based on preserved agenda of Czechoslovak administrative and security apparatus.<\/h5>\n\n\n\n<h2 class=\"wp-block-heading\"><a href=\"\/wp-content\/uploads\/CSZMB_3_2024_2.pdf\">VEDOUC\u00cd ZAM\u011aSTNANCI ARCHIVU V\u00cdTKOVICK\u00ddCH \u017dELEZ\u00c1REN V LETECH 1954\u20132010<\/a><\/h2>\n\n\n\n<h3 class=\"wp-block-heading\">Managing Staff of the V\u00edtkovice Ironworks Archive in the Period of 1954\u20132010 <\/h3>\n\n\n\n<h4 class=\"wp-block-heading\">Luk\u00e1\u0161 Lisn\u00edk <\/h4>\n\n\n\n<h5 class=\"wp-block-heading\">The article describes, analyses and compares careers of dorectors of archive of V\u00edtkovice Ironvorks archive during the communist and post-communist era in the contextof development of company archives in Czechoslovakia. Research is based on preserved personal agenda.<\/h5>\n\n\n\n\n<h2 class=\"wp-block-heading\"><a href=\"\/wp-content\/uploads\/CSZMB_3_2024_3.pdf\">Material Studies<\/a><\/h2>\n\n\n\n<h3 class=\"wp-block-heading\">Vyhodnocen\u00ed archeologick\u00e9ho v\u00fdzkumu dominik\u00e1nsk\u00e9ho kl\u00e1\u0161tera v Opav\u011b z roku 1969. Sondy S1 a S2 v prostoru pod refekt\u00e1\u0159em (Ji\u0159\u00ed Juchelka \u2013 Miriam N\u00fdvltov\u00e1 Fi\u0161\u00e1kov\u00e1 \u2013 Hana  Lafkov\u00e1 \u2013 Petr Ko\u010d\u00e1r) <\/h3>\n\n\n\n<h3 class=\"wp-block-heading\">Knihovna Cypri\u00e1na Lelka (Pavel \u0160op\u00e1k) <\/h3>\n\n\n\n<h2 class=\"wp-block-heading\"><a href=\"\/wp-content\/uploads\/CSZMB_3_2024_4.pdf\">Chronicle<\/a><\/h2>\n\n\n\n<h3 class=\"wp-block-heading\">Za PhDr. Gabrielou Sokolovou, CSc. (Zden\u011bk Jir\u00e1sek)<\/h3>\n\n\n\n<h3 class=\"wp-block-heading\">Vzpom\u00ednka na architektku Annu Friedlovou-Kanczuckou (1913\u20132004) (Pavel \u0160op\u00e1k) <\/h3>\n\n\n\n<h3 class=\"wp-block-heading\">Pades\u00e1t let Domu um\u011bn\u00ed m\u011bsta Opavy (Pavel \u0160op\u00e1k)<\/h3>","protected":false},"excerpt":{"rendered":"<p>\u010cASOPIS SZM, s\u00e9rie B \u2013 V\u011aDY HISTORICK\u00c9 LXXIII \/ 3 \/ 2024 BEZPE\u010cNOSTN\u00cd DOHLED NAD DUCHOVN\u00cdMI V OBVODU OSTRAVSK\u00c9 EXPOZITURY ZNV 1945-1948 Security Monitoring of Activities of Clergy in the Territory of Ostrava Branch of Provincial National Committee 1945\u20131948 Lubom\u00edr Hlavienka \u2013 Ond\u0159ej Kol\u00e1\u0159 The study deals with security monitoring of activities of clergy in&hellip; <a class=\"more-link\" href=\"https:\/\/cszmb.cz\/en\/2024-03\/\">Continue reading <span class=\"screen-reader-text\">2024-03<\/span><\/a><\/p>","protected":false},"author":1,"featured_media":0,"parent":0,"menu_order":0,"comment_status":"closed","ping_status":"closed","template":"","meta":{"footnotes":""},"class_list":["post-754","page","type-page","status-publish","hentry","entry"],"_links":{"self":[{"href":"https:\/\/cszmb.cz\/en\/wp-json\/wp\/v2\/pages\/754","targetHints":{"allow":["GET"]}}],"collection":[{"href":"https:\/\/cszmb.cz\/en\/wp-json\/wp\/v2\/pages"}],"about":[{"href":"https:\/\/cszmb.cz\/en\/wp-json\/wp\/v2\/types\/page"}],"author":[{"embeddable":true,"href":"https:\/\/cszmb.cz\/en\/wp-json\/wp\/v2\/users\/1"}],"replies":[{"embeddable":true,"href":"https:\/\/cszmb.cz\/en\/wp-json\/wp\/v2\/comments?post=754"}],"version-history":[{"count":3,"href":"https:\/\/cszmb.cz\/en\/wp-json\/wp\/v2\/pages\/754\/revisions"}],"predecessor-version":[{"id":758,"href":"https:\/\/cszmb.cz\/en\/wp-json\/wp\/v2\/pages\/754\/revisions\/758"}],"wp:attachment":[{"href":"https:\/\/cszmb.cz\/en\/wp-json\/wp\/v2\/media?parent=754"}],"curies":[{"name":"wp","href":"https:\/\/api.w.org\/{rel}","templated":true}]}}