{"id":737,"date":"2024-11-07T11:15:18","date_gmt":"2024-11-07T10:15:18","guid":{"rendered":"https:\/\/cszmb.cz\/?page_id=737"},"modified":"2024-11-07T11:15:18","modified_gmt":"2024-11-07T10:15:18","slug":"2024-01-02","status":"publish","type":"page","link":"https:\/\/cszmb.cz\/en\/2024-01-02\/","title":{"rendered":"2024-01-02"},"content":{"rendered":"<h1 class=\"wp-block-heading has-text-align-right\">\u010cASOPIS SZM, s\u00e9rie B \u2013 V\u011aDY HISTORICK\u00c9 LXXIII \/ 1-2 \/ 2024<\/h1>\n\n\n\n<h2 class=\"wp-block-heading\"><a href=\"\/wp-content\/uploads\/CSZMB_1-2_2024_1.pdf\">EDITORIAL<\/a><\/h2>\n\n\n\n<h4 class=\"wp-block-heading\">Ji\u0159\u00ed Juchelka<\/h4>\n\n\n\n<h2 class=\"wp-block-heading\"><a href=\"\/wp-content\/uploads\/CSZMB_1-2_2024_2.pdf\">DVA P\u0158\u00cdB\u011aHY Z HRADISKA CHOT\u011aBUZ-PODOBORA U \u010cESK\u00c9HO T\u011a\u0160\u00cdNA<\/a><\/h2>\n\n\n\n<h3 class=\"wp-block-heading\">Two Stories from the Chot\u011bbuz-Podobora Hillfort near \u010cesk\u00fd T\u011b\u0161\u00edn<\/h3>\n\n\n\n<h4 class=\"wp-block-heading\">Miriam N\u00fdvltov\u00e1 Fi\u0161\u00e1kov\u00e1<\/h4>\n\n\n\n<h5 class=\"wp-block-heading\"> The work deals with two stories from the Chot\u011bbuz-Podobora castle, namely the story of a greyhound from the Great Moravian period and a man from the Hallstatt period. On the basis of naturalistic analyses, it was possible to follow both their life stories from birth to death.<\/h5>\n\n\n\n<h2 class=\"wp-block-heading\"><a href=\"\/wp-content\/uploads\/CSZMB_1-2_2024_3.pdf\"> P\u0158EDB\u011a\u017dN\u00c1 ZPR\u00c1VA Z NEDESTRUKTIVN\u00cdHO ARCHEOLOGICK\u00c9HO PR\u016eZKUMU HRADU KALTEN\u0160TEJNA VE SV\u011aTLE PROBLEMATIKY OHRO\u017dEN\u00ddCH ST\u0158EDOV\u011aK\u00ddCH FORTIFIKAC\u00cd NA JESENICKU<\/a><\/h2>\n\n\n\n<h3 class=\"wp-block-heading\">Preliminary Report from the Non-Destructive Archaeological Survey of Kalten\u0161tejn Castle in the Light of the Issue of Endangered Medieval Fortifications in the Jesen\u00edk Region<\/h3>\n\n\n\n<h4 class=\"wp-block-heading\"> Ji\u0159\u00ed Juchelka \u2013 Tom\u00e1\u0161 Petr<\/h4>\n\n\n\n<h5 class=\"wp-block-heading\"> So far, the study presents the conclusions of the survey only from the central part of the Kalten\u0161tejn Castle hillock, which has been imperilled for a long time by the illegal activities of the so-called treasure hunters, who destroy the castle with excavations and steal archaeological finds from it. Mainly non-destructive archaeological methods (surface prospecting, remote sensing, GPR and metal detectors) were used, which helped to protect movable finds (metal artefacts) and contributed to a better mapping of the real state of the site. The information obtained will primarily serve to evaluate the condition of the castle and the proposal for its preservation, but, at the same time, it will help to better understand this location, both chronologically and in terms of construction and history.<\/h5>\n\n\n\n<h2 class=\"wp-block-heading\"><a href=\"\/wp-content\/uploads\/CSZMB_1-2_2024_4.pdf\"> THE DEVELOPMENT OF THE TOWN OF OPAVA IN THE 14TH CENTURY BASED ON OSTEOLOGICAL AND ARCHAEOBOTANICAL FINDINGS FROM THE RESEARCH FROM M\u00dcLLERS HOUSE. CONTRIBUTION TO THE TOPIC OF MEAT AND VEGETABLE DIET IN THE LATE MIDDLE AGES AND EARLY MODERN PERIOD IN OPAVA<\/a><\/h2>\n\n\n\n<h3 class=\"wp-block-heading\">V\u00fdvoj m\u011bsta Opavy ve 14. stolet\u00ed na z\u00e1klad\u011b osteologick\u00fdch a archeobotanick\u00fdch n\u00e1lez\u016f z M\u00fcllerova domu. P\u0159\u00edsp\u011bvek k problematice masit\u00e9 a zeleninov\u00e9 stravy v pozdn\u00edm st\u0159edov\u011bku a ran\u00e9m novov\u011bku v Opav\u011b<\/h3>\n\n\n\n<h4 class=\"wp-block-heading\">Ji\u0159\u00ed Juchelka<\/h4>\n\n\n\n<h5 class=\"wp-block-heading\"> The research of the Silesian Museum, which took place between 2015 and 2019 under the leadership of Mgr. So\u0148a Kr\u00e1lov\u00e1 in connection with the reconstruction of the so-called M\u00fcller\u2019s House, was one of the most extensive archaeological events in Opava. It was conducted at a high level, including taking samples of crops and osteological material, mainly of an animal nature. The so-called M\u00fcller\u2019s House is located on plots no. 558, 559\/1 and 559\/2 in the grounds of the former Opava Castle, where the original castle kitchen was also located. It was located on its western forecourt between the castle and curtain walls, in the area of the bailey facing the town. It was the background of a separate two-part castle kitchen with two chimneys, where, based on the osteological and archaeobotanical analyses, almost all operations connected with this craft were carried out \u2013 from cutting and processing meat, to baking bread, or cooking porridges, flatbreads, herbal decoctions to beer production.<\/h5>\n\n\n\n<h2 class=\"wp-block-heading\"><a href=\"\/wp-content\/uploads\/CSZMB_1-2_2024_5.pdf\">\u00daVOD DO STUDIA KO\u017dEN\u00ddCH N\u00c1LEZ\u016e NA SEVERN\u00cd MORAV\u011a A VE SLEZSKU<\/a><\/h2>\n\n\n\n<h3 class=\"wp-block-heading\">Introduction to the Study of Leather Finds in Northern Moravia and Silesia<\/h3>\n\n\n\n<h4 class=\"wp-block-heading\">Hana Lafkov\u00e1<\/h4>\n\n\n\n<h5 class=\"wp-block-heading\"> The paper follows on from the theme of the conference Archaeological Research in Czech Silesia, thus presenting a summary of the methods and history of research on medieval and modern leather artefacts, especially in the Czech part of Silesia, and, in order to understand the entire issue, it also outlines the basic European literature, without which the principles of research cannot be properly grasped. The article is not about a synthesis of the finds published so far, but about presenting the entire issue based on them. Selected finds from Ostrava \u2013 Masaryk Square (Masarykovo n\u00e1m\u011bst\u00ed) \u2013 are listed below; these finds were covered by the author in her Master\u2019s thesis, and, only now, representative samples of the finds will be published.<\/h5>\n\n\n\n<h2 class=\"wp-block-heading\"><a href=\"\/wp-content\/uploads\/CSZMB_1-2_2024_6.pdf\"> OD \u201eFOSSATORIBUS, QUI IN RICZSCHIN FODERUNT\u201c (1390) PO \u201eSILESIA SUBTERRANEA\u201c (1720). SLEZSK\u00c1 (PRE?)ARCHEOLOGIE 14. \u2013 18. STOLET\u00cd A JEJ\u00cd HISTORICKO-UM\u011aLECK\u00c9 SOUVISLOSTI<\/a><\/h2>\n\n\n\n<h3 class=\"wp-block-heading\">From \u201efossatoribus, qui in Riczschin foderunt\u201c (1390) to \u201eSilesia subterranea\u201c (1720). Silesian (Pre?) archeology 14. \u2013 18. Century and its Historical-artistic Connections<\/h3>\n\n\n\n<h4 class=\"wp-block-heading\"> Bogus\u0142aw Czechowicz<\/h4>\n\n\n\n<h5 class=\"wp-block-heading\"> The article shows the beginnings of Silesian archaeology related to the search of Prince Ludwig I in Ryczyn near Brzeg in 1390 and numerous subsequent archaeological activities, especially at the turn of the 17th and 18th centuries. The key achievement here is the activity of pastor Leonhard David Hermann in Mas\u0142\u00f3w near Trzebnica and his \u201eMaslographia\u201c from 1711 \u2013 a fully mature, erudite archaeological monograph. These activities, both medieval and early modern, had a significant impact on the field of art culture. There was an engaging dialogue between archaeology, history and art (including architecture) related to the attempts to define the fictional, mythical, but also real prehistory and history of Silesia, which focused on the issue of Christian succession after pagan times (Roman, Germanic and Slavic).<\/h5>\n\n\n\n<h2 class=\"wp-block-heading\"><a href=\"\/wp-content\/uploads\/CSZMB_1-2_2024_7.pdf\">ARCHEOLOGIE V \u010cESK\u00c9M SLEZSKU 1805\u20131903: REVIZE HISTORIOGRAFICK\u00c9 TRADICE<\/a><\/h2>\n\n\n\n<h3 class=\"wp-block-heading\">Archaeology in Bohemian Silesia 1805\u20131903: Revision of the Historiographical Tradition<\/h3>\n\n\n\n<h4 class=\"wp-block-heading\">Pavel \u0160op\u00e1k<\/h4>\n\n\n\n<h5 class=\"wp-block-heading\"> An attempt at an innovative interpretation of the history of archaeology in the 19th century in Czech Silesia and the Ostrava Region (until 1903, i.e.until the congress of the Austrian Anthropological Society in Opava) follows on from the concept of this issue, which was presented sixty years ago by the archaeologist Lum\u00edr Jisl and which had not yet been subject to critical review.<\/h5>\n\n\n\n<h2 class=\"wp-block-heading\"><a href=\"\/wp-content\/uploads\/CSZMB_1-2_2024_8.pdf\">PO\u010c\u00c1TKY ARCHEOLOGICK\u00c9HO B\u00c1D\u00c1N\u00cd NA OSTRAVSKU<\/a><\/h2>\n\n\n\n<h3 class=\"wp-block-heading\">The Beginnings of Archaeological Research in Ostrava<\/h3>\n\n\n\n<h4 class=\"wp-block-heading\">Zbyn\u011bk Moravec<\/h4>\n\n\n\n<h5 class=\"wp-block-heading\"> The paper summarizes the first archaeological finds in Ostrava up to 1903. The person of the teacher K. J. Bukovansk\u00fd, who carried out his own excavations there, especially between 1872 and 1889, published his findings in periodicals and subsequently kept the objects in his collections or presented them at exhibitions or privately to researchers, is, above all, emphasized. The interest in the oldest monuments in Ostrava is illustrated not only by the exhibition from 1888, but also by the second nomadic meeting of the Olomouc museum in 1884, or the research expeditions led by K. J. Ma\u0161ka.<\/h5>\n\n\n\n<h2 class=\"wp-block-heading\"><a href=\"\/wp-content\/uploads\/CSZMB_1-2_2024_9.pdf\">VIKTOR KARGER A JEHO V\u00ddZNAM PRO ARCHEOLOGII T\u011a\u0160\u00cdNSK\u00c9HO SLEZSKA<\/a><\/h2>\n\n\n\n<h3 class=\"wp-block-heading\">Viktor Karger and his Significance for the Archaeology of T\u011b\u0161\u00edn Silesia<\/h3>\n\n\n\n<h4 class=\"wp-block-heading\"> Martina Uhl\u00e1\u0159ov\u00e1<\/h4>\n\n\n\n<h5 class=\"wp-block-heading\"> The goal of the paper is to present the archaeological activities of Viktor Karger, a prominent figure in Silesian archaeology of the first half of the 20th century, with an emphasis on his work in the Municipal Museum in T\u011b\u0161\u00edn and related archaeological activities in T\u011b\u0161\u00edn. It briefly describes his family background, studies and important work in the Museum of Art and Crafts in Opava (1913\u20131922), in which he gained professional experience after leaving for the museum in T\u011b\u0161\u00edn. The core part of the paper is a summary of archaeological activity in the area of T\u011b\u0161\u00edn Silesia with an emphasis on its Czech part in the period between 1913\u20131945.<\/h5>\n\n\n\n<h2 class=\"wp-block-heading\"><a href=\"\/wp-content\/uploads\/CSZMB_1-2_2024_10.pdf\">Material Studies<\/a><\/h2>\n\n\n\n<h3 class=\"wp-block-heading\">D\u00edl\u010d\u00ed v\u00fdsledky z\u00e1chrann\u00e9ho archeologick\u00e9ho v\u00fdzkumu v Neplachovic\u00edch (okr. Opava) (Ond\u0159ej Kl\u00e1pa)<\/h3>\n\n\n\n<h3 class=\"wp-block-heading\">Archeologie v \u010casopise Slezsk\u00e9ho zemsk\u00e9ho muzea (1951\u20132023).  Pokus o zhodnocen\u00ed sedmdes\u00e1ti let a v\u00fdhledy do budoucna ( Andrea Ho\u0159\u00ednkov\u00e1 &#8211; Vratislav Jan\u00e1k &#8211;  Hana Lafkov\u00e1 &#8211; Kate\u0159ina Pap\u00e1kov\u00e1)<\/h3>\n\n\n\n<h2 class=\"wp-block-heading\"><a href=\"\/wp-content\/uploads\/CSZMB_1-2_2024_11.pdf\">Recenze a zpr\u00e1vy o literatu\u0159e<\/a><\/h2>\n\n\n\n<h3 class=\"wp-block-heading\">V\u00fdstava Kn\u00ed\u017eata z Lichten\u0161tejna. P\u00e1ni zem\u011b Opavsk\u00e9 a Krnovsk\u00e9 \n    (24. kv\u011btna 2023 \u2013 28. ledna 2024) (Stanislav Van\u011bk)<\/h3>\n\n\n\n<h3 class=\"wp-block-heading\">Prezentace socha\u0159stv\u00ed v galeri\u00edch na Morav\u011b \n    (Nov\u00e9 M\u011bsto na Morav\u011b, Jihlava, Olomouc) (Pavel \u0160op\u00e1k)<\/h3>","protected":false},"excerpt":{"rendered":"<p>\u010cASOPIS SZM, s\u00e9rie B \u2013 V\u011aDY HISTORICK\u00c9 LXXIII \/ 1-2 \/ 2024 EDITORIAL Ji\u0159\u00ed Juchelka DVA P\u0158\u00cdB\u011aHY Z HRADISKA CHOT\u011aBUZ-PODOBORA U \u010cESK\u00c9HO T\u011a\u0160\u00cdNA Two Stories from the Chot\u011bbuz-Podobora Hillfort near \u010cesk\u00fd T\u011b\u0161\u00edn Miriam N\u00fdvltov\u00e1 Fi\u0161\u00e1kov\u00e1 The work deals with two stories from the Chot\u011bbuz-Podobora castle, namely the story of a greyhound from the Great Moravian&hellip; <a class=\"more-link\" href=\"https:\/\/cszmb.cz\/en\/2024-01-02\/\">Continue reading <span class=\"screen-reader-text\">2024-01-02<\/span><\/a><\/p>","protected":false},"author":1,"featured_media":0,"parent":0,"menu_order":0,"comment_status":"closed","ping_status":"closed","template":"","meta":{"footnotes":""},"class_list":["post-737","page","type-page","status-publish","hentry","entry"],"_links":{"self":[{"href":"https:\/\/cszmb.cz\/en\/wp-json\/wp\/v2\/pages\/737","targetHints":{"allow":["GET"]}}],"collection":[{"href":"https:\/\/cszmb.cz\/en\/wp-json\/wp\/v2\/pages"}],"about":[{"href":"https:\/\/cszmb.cz\/en\/wp-json\/wp\/v2\/types\/page"}],"author":[{"embeddable":true,"href":"https:\/\/cszmb.cz\/en\/wp-json\/wp\/v2\/users\/1"}],"replies":[{"embeddable":true,"href":"https:\/\/cszmb.cz\/en\/wp-json\/wp\/v2\/comments?post=737"}],"version-history":[{"count":1,"href":"https:\/\/cszmb.cz\/en\/wp-json\/wp\/v2\/pages\/737\/revisions"}],"predecessor-version":[{"id":738,"href":"https:\/\/cszmb.cz\/en\/wp-json\/wp\/v2\/pages\/737\/revisions\/738"}],"wp:attachment":[{"href":"https:\/\/cszmb.cz\/en\/wp-json\/wp\/v2\/media?parent=737"}],"curies":[{"name":"wp","href":"https:\/\/api.w.org\/{rel}","templated":true}]}}