{"id":712,"date":"2023-12-12T13:22:53","date_gmt":"2023-12-12T12:22:53","guid":{"rendered":"https:\/\/cszmb.cz\/?page_id=712"},"modified":"2023-12-12T13:22:53","modified_gmt":"2023-12-12T12:22:53","slug":"2023-03","status":"publish","type":"page","link":"https:\/\/cszmb.cz\/en\/2023-03\/","title":{"rendered":"2023-03"},"content":{"rendered":"<h1 class=\"wp-block-heading has-text-align-right\">\u010cASOPIS SZM, s\u00e9rie B \u2013 V\u011aDY HISTORICK\u00c9 LXXI \/ 3 \/ 2023<\/h1>\n\n\n\n<h2 class=\"wp-block-heading\"><a href=\"\/wp-content\/uploads\/CSZMB_3_2023_1.pdf\">EDITORIAL<\/a><\/h2>\n\n\n\n<h4 class=\"wp-block-heading\">Pavel Ru\u0161ar<\/h4>\n\n\n\n<h2 class=\"wp-block-heading\"><a href=\"\/wp-content\/uploads\/CSZMB_3_2023_2.pdf\">CO VYPR\u00c1V\u00cd URB\u00c1\u0158 JESENICK\u00c9HO PANSTV\u00cd Z ROKU 1689. P\u0158\u00cdSP\u011aVEK K D\u011aJIN\u00c1M PANSTV\u00cd A M\u011aSTA<\/a><\/h2>\n\n\n\n<h3 class=\"wp-block-heading\">What the Land Registry of the Jesen\u00edk Estate from 1689 tells. Contribution to History of the Estate and the Town<\/h3>\n\n\n\n<h4 class=\"wp-block-heading\">Michaela Neubauerov\u00e1<\/h4>\n\n\n\n<h5 class=\"wp-block-heading\">In 1689, a German-written land registry of the Jesen\u00edk estate was created; this is one of the most important archival sources for the history of early modern Jesen\u00edk (German: Freiwaldau). It is the oldest description of the town and its immediate surroundings. The original of the book is stored in the Land Archive in Opava in the fund of Velkostatek (Manor) Jesen\u00edk and also includes the chamber estates of Sup\u00edkovice and Mikulovice, which were attached to the estate. In the introduction, the author of the land registry, the bishop\u2019s scribe and clerk of the nobility\u2019s office, Wentzel Ferdinand M\u00fcller, describes, in detail, the manor, the regional governor\u2019s office, the town administration, the parish, the local school, the almshouse and, in more detail, the manor house with other superior authority operations, together with the benefits from his own management. An important part of the article is formed by the summaries of the estate\u2019s income with monetary and in kind benefits from the entire estate.<\/h5>\n\n\n\n<h2 class=\"wp-block-heading\"><a href=\"\/wp-content\/uploads\/CSZMB_3_2023_3.pdf\">DR. ADOLF LORENZ A VIDNAVA. D\u011aTSTV\u00cd, VZPOM\u00cdNKY A N\u00c1VRATY<\/a><\/h2>\n\n\n\n<h3 class=\"wp-block-heading\">Dr. Adolf Lorenz and Vidnava. Childhood, Memories and Returns<\/h3>\n\n\n\n<h4 class=\"wp-block-heading\">Mat\u011bj Matela<\/h4>\n\n\n\n<h5 class=\"wp-block-heading\">The study aims to present the world-famous orthopedist Adolf Lorenz (1854\u20131946) as a native of Vidnava, a Silesian border town where he lived the first eleven years of his life and where he always liked to come back. The text deals, in detail, with Lorenz\u2019s family background, his childhood memories of various experiences and interesting people, the motivations that led him to choose a career as a doctor, and it also deals with his later returns to his hometown. The most significant visit took place in August 1935, when the famous doctor unveiled his commemorative plaque in the Vidnava Square.<\/h5>\n\n\n\n<h2 class=\"wp-block-heading\"><a href=\"\/wp-content\/uploads\/CSZMB_3_2023_4.pdf\">BAROKO \u2013 SECESE \u2013 ART DECO (STYLOV\u00c9 PROM\u011aNY V TVORB\u011a SOCHA\u0158E JOSEFA OBETHA)<\/a><\/h2>\n\n\n\n<h3 class=\"wp-block-heading\">Baroque \u2013 Art Nouveau \u2013 Art Deco (Style Changes in the Work of Sculptor Josef Obeth)<\/h3>\n\n\n\n<h4 class=\"wp-block-heading\">Pavel \u0160op\u00e1k<\/h4>\n\n\n\n<h5 class=\"wp-block-heading\">The study is focused on the work of Josef Obeth (1874\u20131961), from the point of view of stylistic changes (neobaroque, art nouveau, art deco, civilism). The work is viewed in the context of Central European sculpture of the first half of the 20th century.<\/h5>\n\n\n\n<h2 class=\"wp-block-heading\"><a href=\"\/wp-content\/uploads\/CSZMB_3_2023_5.pdf\">POVSTALCI NA POPRAVI\u0160TI: HRDELN\u00cd PROCESY S \u00da\u010cASTN\u00cdKY HENLEINOVSK\u00c9HO POVST\u00c1N\u00cd V OBVODU OSTRAVSK\u00c9 EXPOZITURY ZEMSK\u00c9HO N\u00c1RODN\u00cdHO V\u00ddBORU MORAVSKOSLEZSK\u00c9HO 1945\u20131948<\/a><\/h2>\n\n\n\n<h3 class=\"wp-block-heading\">Insurgents on Execution Site: Cases of Capital Punishments for Participants of Henlein Uprising in Area of Ostrava Branch of Moravian-Silesian Provincial National Committee 1945\u20131948<\/h3>\n\n\n\n<h4 class=\"wp-block-heading\">Ond\u0159ej Kol\u00e1\u0159 \u2013 Ivana Kol\u00e1\u0159ov\u00e1<\/h4>\n\n\n\n<h5 class=\"wp-block-heading\">The study deals with post-World War II trials held with participants of so-called Henlein (pro-Nazi) uprising of German insurgents against Czechoslovak administration in 1938 in territory of Czech Silesia and Northern Moravia; who were sentenced to death by Czechoslovak court in Opava in 1946. Particular cases are compared in order to analyse the approach of the court towards individuals. The aim of the article is to grasp how the verdicts were influenced by various factor, such as regional origin and profession of the accused, as well as public opinion or medialisation of the case. <\/h5>\n\n\n\n<h2 class=\"wp-block-heading\"><a href=\"\/wp-content\/uploads\/CSZMB_3_2023_6.pdf\">Material Studies<\/a><\/h2>\n\n\n\n<h3 class=\"wp-block-heading\">Anal\u00fdza st\u0159edov\u011bk\u00fdch a ran\u011b novov\u011bk\u00fdch kovov\u00fdch h\u0159eb\u00edk\u016f z v\u00fdzkumu M\u00fcllerova domu v Opav\u011b a jejich porovn\u00e1n\u00ed s obdobn\u00fdmi n\u00e1lezy ze soudob\u00fdch hradn\u00edch komplex\u016f (Ji\u0159\u00ed Juchelka)<\/h3>\n\n\n\n<h3 class=\"wp-block-heading\">\u010crty z historie a \u010dinnosti Okresn\u00edho \u00fa\u0159adu v Jesen\u00edku (Kv\u011btoslav Growka)<\/h3>","protected":false},"excerpt":{"rendered":"<p>\u010cASOPIS SZM, s\u00e9rie B \u2013 V\u011aDY HISTORICK\u00c9 LXXI \/ 3 \/ 2023 EDITORIAL Pavel Ru\u0161ar CO VYPR\u00c1V\u00cd URB\u00c1\u0158 JESENICK\u00c9HO PANSTV\u00cd Z ROKU 1689. P\u0158\u00cdSP\u011aVEK K D\u011aJIN\u00c1M PANSTV\u00cd A M\u011aSTA What the Land Registry of the Jesen\u00edk Estate from 1689 tells. Contribution to History of the Estate and the Town Michaela Neubauerov\u00e1 In 1689, a German-written&hellip; <a class=\"more-link\" href=\"https:\/\/cszmb.cz\/en\/2023-03\/\">Continue reading <span class=\"screen-reader-text\">2023-03<\/span><\/a><\/p>","protected":false},"author":1,"featured_media":0,"parent":0,"menu_order":0,"comment_status":"closed","ping_status":"closed","template":"","meta":{"footnotes":""},"class_list":["post-712","page","type-page","status-publish","hentry","entry"],"_links":{"self":[{"href":"https:\/\/cszmb.cz\/en\/wp-json\/wp\/v2\/pages\/712","targetHints":{"allow":["GET"]}}],"collection":[{"href":"https:\/\/cszmb.cz\/en\/wp-json\/wp\/v2\/pages"}],"about":[{"href":"https:\/\/cszmb.cz\/en\/wp-json\/wp\/v2\/types\/page"}],"author":[{"embeddable":true,"href":"https:\/\/cszmb.cz\/en\/wp-json\/wp\/v2\/users\/1"}],"replies":[{"embeddable":true,"href":"https:\/\/cszmb.cz\/en\/wp-json\/wp\/v2\/comments?post=712"}],"version-history":[{"count":2,"href":"https:\/\/cszmb.cz\/en\/wp-json\/wp\/v2\/pages\/712\/revisions"}],"predecessor-version":[{"id":720,"href":"https:\/\/cszmb.cz\/en\/wp-json\/wp\/v2\/pages\/712\/revisions\/720"}],"wp:attachment":[{"href":"https:\/\/cszmb.cz\/en\/wp-json\/wp\/v2\/media?parent=712"}],"curies":[{"name":"wp","href":"https:\/\/api.w.org\/{rel}","templated":true}]}}