{"id":704,"date":"2023-12-12T10:30:08","date_gmt":"2023-12-12T09:30:08","guid":{"rendered":"https:\/\/cszmb.cz\/?page_id=704"},"modified":"2023-12-12T10:30:08","modified_gmt":"2023-12-12T09:30:08","slug":"2023-01-02","status":"publish","type":"page","link":"https:\/\/cszmb.cz\/en\/2023-01-02\/","title":{"rendered":"2023-01-02"},"content":{"rendered":"<h1 class=\"wp-block-heading has-text-align-right\">\u010cASOPIS SZM, s\u00e9rie B \u2013 V\u011aDY HISTORICK\u00c9 LXXII \/ 1-2 \/ 2023<\/h1>\n\n\n\n<h2 class=\"wp-block-heading\"><a href=\"\/wp-content\/uploads\/CSZMB_1-2_2023_1.pdf\">EDITORIAL<\/a><\/h2>\n\n\n\n<h4 class=\"wp-block-heading\">Ond\u0159ej Kol\u00e1\u0159<\/h4>\n\n\n\n<h2 class=\"wp-block-heading\"><a href=\"\/wp-content\/uploads\/CSZMB_1-2_2023_2.pdf\">Z\u00c1MECK\u00c1 KNIHOVNA V BRUNT\u00c1LE NA PO\u010c\u00c1TKU 19. STOLET\u00cd (P\u0158\u00cdSP\u011aVEK K D\u011aJIN\u00c1M INTELEKTUALITY V \u010cESK\u00c9M SLEZSKU V DOB\u011a ZALO\u017dEN\u00cd GYMNAZIJN\u00cdHO MUZEA)<\/a><\/h2>\n\n\n\n<h3 class=\"wp-block-heading\">Castle Library in Brunt\u00e1l at the Beginning of the 19th Century (a Contribution to the History of Intellectuality in Czech Silesia at the Time of the Establishment of the Grammar School Museum)<\/h3>\n\n\n\n<h4 class=\"wp-block-heading\">Pavel \u0160op\u00e1k<\/h4>\n\n\n\n<h5 class=\"wp-block-heading\">The catalogue of the library of Brunt\u00e1l Castle documents the intellectual interests of the Grand Masters of theTeutonic Order after 1800, governors and other economic officials. It reveals the spectrum of interests and suggests the meaning of the books in the library (personal interests, practical need in the management of the estate, anticipation of educational institutions). It is a contribution to the history of intellectuality in Czech Silesia, whose\nbest-known and most significant product was the Grammar School Museum in Opava.<\/h5>\n\n\n<h2 class=\"wp-block-heading\"><a href=\"\/wp-content\/uploads\/CSZMB_1-2_2023_3.pdf\">SLEZSK\u00c9 KULTURN\u00cd T\u00ddDNY 1925\u20131933<\/a><\/h2>\n<p><!-- \/wp:post-content --><\/p>\n<p><!-- wp:heading {\"level\":3} --><\/p>\n<h3 class=\"wp-block-heading\">Weeks of Silesian Culture 1925\u20131933<\/h3>\n<p><!-- \/wp:heading --><\/p>\n<p><!-- wp:heading {\"level\":4} --><\/p>\n<h4 class=\"wp-block-heading\">Ond\u0159ej Kol\u00e1\u0159<\/h4>\n<p><!-- \/wp:heading --><\/p>\n<p><!-- wp:heading {\"level\":5} --><\/p>\n<h5 class=\"wp-block-heading\">Study focuses on cultural and educational festival of Silesian Germans, organised annually in the period of 1925\u20131933 in various locations of Czechoslovak and German borderland. Except the description of the thematic content the text aims to analyse the role of such actions in wider context of understanding Silesian and German Silesian identity and the approach of German-speaking population of Silesia towards German ethnic nationalism. For that purpose, the attention is paid to the changing conception of the festival in the era of escalating ethnic and social frictions in early 1930s. The article also examines the cross-border ties of the organisers and leading supporters of the festival, as well as the reception of the action by Czechoslovak administration and media.<\/h5>\n<p><!-- \/wp:heading --><\/p>\n<h2 class=\"wp-block-heading\"><a href=\"\/wp-content\/uploads\/CSZMB_1-2_2023_4.pdf\">STRU\u010cN\u00c9 SHRNUT\u00cd STAVU A V\u00ddSLEDK\u016e NEDESTRUKTIVN\u00cdHO ARCHEOLOGICK\u00c9HO PR\u016eZKUMU SPOJEN\u00c9HO S MAPOV\u00c1N\u00cdM LOKALIT 2. SV\u011aTOV\u00c9 V\u00c1LKY V \u010cESK\u00c9M SLEZSKU <\/a><\/h2>\n<p><!-- \/wp:heading --><\/p>\n<p><!-- wp:heading {\"level\":3} --><\/p>\n<h3 class=\"wp-block-heading\">Brief Summary of the Status and Results of the Non-Destructive Archaeological Survey Associated with theMapping of World War II Sites in Czech Silesia<br \/>\n<\/h3>\n<p><!-- \/wp:heading --><\/p>\n<p><!-- wp:heading {\"level\":4} --><\/p>\n<h4 class=\"wp-block-heading\">Ji\u0159\u00ed Juchelka \u2013 Ond\u0159ej Kl\u00e1pa \u2013 David Galia \u2013 Marek Pieto\u0148 \u2013 Tom\u00e1\u0161 Petr<\/h4>\n<p><!-- \/wp:heading --><\/p>\n<p><!-- wp:heading {\"level\":5} --><\/p>\n<h5 class=\"wp-block-heading\">The article provides a brief summary of the status and results of research related to the mapping of World War II sites using non-destructive archaeological methods. The primary goal of the project was to evaluate selected sites in order to determine their condition and, subsequently, to propose monument protection. The purpose of the second level was to find out and verify the potential of non-destructive methods in obtaining archaeological sources and evaluating their informative value in the reconstruction of events that occurred in the past.<\/h5>\n<p><!-- \/wp:heading --><\/p>\n<h2 class=\"wp-block-heading\"><a href=\"\/wp-content\/uploads\/CSZMB_1-2_2023_5.pdf\">N\u011aMECK\u00c1 POV\u00c1LE\u010cN\u00c1 REZISTENCE V MAL\u00c9 MOR\u00c1VCE V ROCE 1945<\/a><\/h2>\n<p><!-- \/wp:heading --><\/p>\n<p><!-- wp:heading {\"level\":3} --><\/p>\n<h3 class=\"wp-block-heading\">Post-War German Resistance in Mal\u00e1 Mor\u00e1vka 1945<\/h3>\n<p><!-- \/wp:heading --><\/p>\n<p><!-- wp:heading {\"level\":4} --><\/p>\n<h4 class=\"wp-block-heading\">Lubom\u00edr Hlavienka<\/h4>\n<p><!-- \/wp:heading --><\/p>\n<p><!-- wp:heading {\"level\":5} --><\/p>\n<h5 class=\"wp-block-heading\">The article focuses on activities of German resistance group in the area of Mal\u00e1 Mor\u00e1vka in Jesen\u00edky mountains during Spring and Summer of 1945. Although some of Czechoslovak reports were exaggerated, local cell undisputelby belonged to the most active parts of German underground movement in Czechoslovak borderland. The text aims to identify leaders and members of the paramilitary group and to analyse their connection to mythicised Wehrwolf organisation.<\/h5>\n<p><!-- \/wp:heading --><\/p>\n<h2 class=\"wp-block-heading\"><a href=\"\/wp-content\/uploads\/CSZMB_1-2_2023_6.pdf\">SYSTEMATICK\u00c1 P\u00c9\u010cE O SB\u00cdRKOV\u00dd FOND SLEZSK\u00c9HO ZEMSK\u00c9HO MUZEA V R\u00c1MCI PRACOVI\u0160\u0164 KONZERVACE, RESTAUROV\u00c1N\u00cd A PREPARACE<\/a><\/h2>\n<p><!-- \/wp:heading --><\/p>\n<p><!-- wp:heading {\"level\":3} --><\/p>\n<h3 class=\"wp-block-heading\">Systematic Care for the Collections of the Silesian Museum (SZM) within the departments of Preservation, Restoration and Preparation<\/h3>\n<p><!-- \/wp:heading --><\/p>\n<p><!-- wp:heading {\"level\":4} --><\/p>\n<h4 class=\"wp-block-heading\">Pavel Petr<\/h4>\n<p><!-- \/wp:heading --><\/p>\n<p><!-- wp:heading {\"level\":5} --><\/p>\n<h5 class=\"wp-block-heading\">The subject of the presented study is the topic of systematic care for the collections of the Silesian Museum in the environment of departments of preservation, restoration and preparation. Until the period of centralization of this activity within the building of the former State Veterinary Institute, the monitored workplaces operated in several different locations in the territory of the city of Opava. The study aims to outline the issue of systematic care from its birth and anchoring in a wide range of museum activities to the present days. Special emphasis is placed primarily on the methods and technologies used, including the professional technical equipment of the described workplaces of the Silesian Museum.<\/h5>\n<p><!-- \/wp:heading --><\/p>\n<p><!-- wp:heading --><\/p>\n<h2 class=\"wp-block-heading\"><a href=\"\/wp-content\/uploads\/CSZMB_1-2_2023_7.pdf\">Material Studies<\/a><\/h2>\n<p><!-- \/wp:heading --><\/p>\n<p><!-- wp:heading {\"level\":3} --><\/p>\n<h3 class=\"wp-block-heading\">Obrann\u00fd \u0161t\u00edt neboli \u201ewehrschild\u201c z obce Leskovec nad Moravic\u00ed (Ond\u0159ej Hani\u010d\u00e1k)<\/h3>\n<p><!-- \/wp:heading --><\/p>\n<p><!-- wp:heading {\"level\":3} --><\/p>\n<h3 class=\"wp-block-heading\">Identifikace fotografi\u00ed z henleinovsk\u00e9ho pu\u010de v z\u00e1\u0159\u00ed 1938 na Jesenicku (Ond\u0159ej Kol\u00e1\u0159)<\/h3>\n<p><!-- \/wp:heading --><\/p>\n<p><!-- wp:heading {\"level\":3} --><\/p>\n<h3 class=\"wp-block-heading\">Liter\u00e1rn\u00ed fondy Pam\u00e1tn\u00edku Petra Bezru\u010de Slezsk\u00e9ho zemsk\u00e9ho muzea (Monika Szturcov\u00e1)<\/h3>\n<p><!-- \/wp:heading --><\/p>\n<p><!-- wp:heading {\"level\":3} --><\/p>\n<h3 class=\"wp-block-heading\">K metodice a praxi veden\u00ed obecn\u00edch kronik v Severomoravsk\u00e9m kraji v 70. a 80. letech 20. stolet\u00ed (Ivana Kol\u00e1\u0159ov\u00e1 \u2013 Ond\u0159ej Kol\u00e1\u0159)<\/h3>\n<p><!-- \/wp:heading --><\/p>\n<p><!-- wp:heading --><\/p>\n<h2 class=\"wp-block-heading\"><a href=\"\/wp-content\/uploads\/CSZMB_1-2_2023_8.pdf\">Recenze a zpr\u00e1vy o literatu\u0159e<\/a><\/h2>\n<p><!-- \/wp:heading --><\/p>\n<p><!-- wp:heading {\"level\":3} --><\/p>\n<h3 class=\"wp-block-heading\">Bibliotheca Nummaria Leopoldina 1\u20133 (Wroc\u0142aw 2020\u20132021) (Kv\u011btoslav Growka) <\/h3>\n<p><!-- \/wp:heading --><\/p>\n<p><!-- wp:heading {\"level\":3} --><\/p>\n<h3 class=\"wp-block-heading\">Pavel \u0160OP\u00c1K, M\u011bsto muze\u00ed: Ostrava: 1870\u20131970: kapitoly z historick\u00e9 muzeologie (Otakar Kirsch) <\/h3>\n<p><!-- \/wp:heading --><\/p>\n<p><!-- wp:heading {\"level\":3} --><\/p>\n<h3 class=\"wp-block-heading\">Mat\u011bj MATELA, Zvon\u00edk z Cukmantlu. Dvacet pozapomenut\u00fdch osobnost\u00ed p\u0159edv\u00e1le\u010dn\u00fdch Jesen\u00edk\u016f (Ond\u0159ej Kol\u00e1\u0159)<\/h3>\n<p><!-- \/wp:heading --><\/p>\n<p><!-- wp:heading {\"level\":3} --><\/p>\n<h3 class=\"wp-block-heading\">Dv\u011b knihy o fenom\u00e9nech Jesenicka: Pavel MACH\u00c1\u010cEK, Fenom\u00e9n Rychlebsk\u00e9 hory; Mat\u011bj MATELA, Fenom\u00e9n Prad\u011bd. V\u0161e, co byste m\u011bli zn\u00e1t o nejvy\u0161\u0161\u00ed ho\u0159e Jesen\u00edk\u016f (Ond\u0159ej Kol\u00e1\u0159) <\/h3>\n<p><!-- \/wp:heading --><\/p>\n<p><!-- wp:heading {\"level\":3} --><\/p>\n<h3 class=\"wp-block-heading\">Du\u0161an JAN\u00c1K a kol., N\u00e1rodnostn\u00ed men\u0161iny a migrace v \u010cesk\u00e9m Slezsku a na severn\u00ed Morav\u011b ve 20. a 21. stolet\u00ed (Pavel Kladiwa)<\/h3>\n<p><!-- \/wp:heading --><\/p>\n<p><!-- wp:heading {\"level\":3} --><\/p>\n<h3 class=\"wp-block-heading\">Od v\u00fdstav k Diec\u00e9zn\u00edmu muzeu? (Velikono\u010dn\u00ed p\u0159\u00edb\u011bh v um\u011bn\u00ed jako mimo\u0159\u00e1dn\u00e1 v\u00fdzva) (Pavel \u0160op\u00e1k)<\/h3>\n<p><!-- \/wp:heading --><\/p>\n<p><!-- wp:heading {\"level\":3} --><\/p>\n<h3 class=\"wp-block-heading\">Nov\u00e9 Muzeum trojmez\u00ed v Jablunkov\u011b (Ond\u0159ej Kol\u00e1\u0159)<\/h3>\n<p><!-- \/wp:heading --><\/p>","protected":false},"excerpt":{"rendered":"<p>\u010cASOPIS SZM, s\u00e9rie B \u2013 V\u011aDY HISTORICK\u00c9 LXXII \/ 1-2 \/ 2023 EDITORIAL Ond\u0159ej Kol\u00e1\u0159 Z\u00c1MECK\u00c1 KNIHOVNA V BRUNT\u00c1LE NA PO\u010c\u00c1TKU 19. STOLET\u00cd (P\u0158\u00cdSP\u011aVEK K D\u011aJIN\u00c1M INTELEKTUALITY V \u010cESK\u00c9M SLEZSKU V DOB\u011a ZALO\u017dEN\u00cd GYMNAZIJN\u00cdHO MUZEA) Castle Library in Brunt\u00e1l at the Beginning of the 19th Century (a Contribution to the History of Intellectuality in Czech&hellip; <a class=\"more-link\" href=\"https:\/\/cszmb.cz\/en\/2023-01-02\/\">Continue reading <span class=\"screen-reader-text\">2023-01-02<\/span><\/a><\/p>","protected":false},"author":1,"featured_media":0,"parent":0,"menu_order":0,"comment_status":"closed","ping_status":"closed","template":"","meta":{"footnotes":""},"class_list":["post-704","page","type-page","status-publish","hentry","entry"],"_links":{"self":[{"href":"https:\/\/cszmb.cz\/en\/wp-json\/wp\/v2\/pages\/704","targetHints":{"allow":["GET"]}}],"collection":[{"href":"https:\/\/cszmb.cz\/en\/wp-json\/wp\/v2\/pages"}],"about":[{"href":"https:\/\/cszmb.cz\/en\/wp-json\/wp\/v2\/types\/page"}],"author":[{"embeddable":true,"href":"https:\/\/cszmb.cz\/en\/wp-json\/wp\/v2\/users\/1"}],"replies":[{"embeddable":true,"href":"https:\/\/cszmb.cz\/en\/wp-json\/wp\/v2\/comments?post=704"}],"version-history":[{"count":5,"href":"https:\/\/cszmb.cz\/en\/wp-json\/wp\/v2\/pages\/704\/revisions"}],"predecessor-version":[{"id":711,"href":"https:\/\/cszmb.cz\/en\/wp-json\/wp\/v2\/pages\/704\/revisions\/711"}],"wp:attachment":[{"href":"https:\/\/cszmb.cz\/en\/wp-json\/wp\/v2\/media?parent=704"}],"curies":[{"name":"wp","href":"https:\/\/api.w.org\/{rel}","templated":true}]}}