{"id":700,"date":"2023-12-12T09:34:23","date_gmt":"2023-12-12T08:34:23","guid":{"rendered":"https:\/\/cszmb.cz\/?page_id=700"},"modified":"2023-12-12T09:36:16","modified_gmt":"2023-12-12T08:36:16","slug":"2022-03","status":"publish","type":"page","link":"https:\/\/cszmb.cz\/en\/2022-03\/","title":{"rendered":"2022-03"},"content":{"rendered":"<h1 class=\"wp-block-heading has-text-align-right\">\u010cASOPIS SZM, s\u00e9rie B \u2013 V\u011aDY HISTORICK\u00c9 LXXI \/ 3 \/ 2022<\/h1>\n\n\n\n<h2 class=\"wp-block-heading\"><a href=\"\/wp-content\/uploads\/CSZMB_3_2022_1.pdf\">EDITORIAL<\/a><\/h2>\n\n\n\n<h4 class=\"wp-block-heading\">Pavel \u0160op\u00e1k<\/h4>\n\n\n\n<h2 class=\"wp-block-heading\"><a href=\"\/wp-content\/uploads\/CSZMB_3_2022_2.pdf\">NORIMBERSK\u00c1 MADONA ZE Z\u00c1MECK\u00c9 KAPLE V JANOVIC\u00cdCH U R\u00ddMA\u0158OVA VE SB\u00cdRCE SLEZSK\u00c9HO ZEMSK\u00c9HO MUZEA<\/a><\/h2>\n\n\n\n<h3 class=\"wp-block-heading\">Nuremberg Madonna from Chateau Chapel in Janovice u R\u00fdma\u0159ova in Collections of Silesian Museum<\/h3>\n\n\n\n<h4 class=\"wp-block-heading\">Denisa Hradilov\u00e1<\/h4>\n\n\n\n<h5 class=\"wp-block-heading\">The study deals with a small sculpture of the Virgin Mary from a Chateau Chapple in Janovice u R\u00fdma\u0159ova, now held in The Silesian Museum in Opava. This sculpture is a copy of the famous early renaissance statue of the Virgin Mary today kept in the Germanishes Nationalmuseum in Nuremberg.\n<\/h5>\n\n\n\n<h2 class=\"wp-block-heading\"><a href=\"\/wp-content\/uploads\/CSZMB_3_2022_3.pdf\">ZE STAR\u0160\u00cdCH D\u011aJIN DUCHOVN\u00cd SPR\u00c1VY VE VELK\u00c9 POLOMI NA OPAVSKU (DO KONCE 17. STOLET\u00cd) <\/a><\/h2>\n\n\n\n<h3 class=\"wp-block-heading\">From the Earlier History of Spiritual Administration in Velk\u00e1 Polom in the Opava Region (Until the End of the 17th Century)<\/h3>\n\n\n\n<h4 class=\"wp-block-heading\">Marek Skupien<\/h4>\n\n\n\n<h5 class=\"wp-block-heading\">The study seeks to provide a brief overview of the history of the Catholic parish by the Church of St. Wenceslas in\nVelk\u00e1 Polom in the Opava region, specifically until the end of the 17th century. In Velk\u00e1 Polom, sometime between\nthe last quarter of the 15th and the first quarter of the 16th century, a new late Gothic brick church was built, which still stands in the village today. The paper is based primarily on the study of sources. The author focused primarily on the spiritual administrator of the parish, the parish Church of St. Wenceslas and its contents, parish dwellings, the extent of the parish district and the position of the parish in the context of the development of church administration.\n<\/h5>\n\n\n\n<h2 class=\"wp-block-heading\"><a href=\"\/wp-content\/uploads\/CSZMB_3_2022_4.pdf\">P\u0158\u00cdSP\u011aVEK K D\u00cdLU T\u011a\u0160\u00cdNSK\u00c9HO STAVITELE FLORI\u00c1NA JILGA (ILG)<\/a><\/h2>\n\n\n\n<h3 class=\"wp-block-heading\">Contribution to the Work of the T\u011b\u0161\u00edn Builder Flori\u00e1n Jilg (Ilg)<\/h3>\n\n\n\n<h4 class=\"wp-block-heading\">Eva Vojkovsk\u00e1<\/h4>\n\n\n\n<h5 class=\"wp-block-heading\">The study deals with the builder Flori\u00e1n Jilg from T\u011b\u0161\u00edn. It describes his activities in T\u011b\u0161\u00edn and details both the construction of the evangelical church in Byst\u0159ice and the parish church in Hnojn\u00edk, as well as the construction and reconstruction of houses in T\u011b\u0161\u00edn according to Jilgo\u2019s plans. It characterizes Jilg\u2019s architecture in the broader context of architecture and in comparison with the work of local builders. As a regional construction master and city builder, Flori\u00e1n Jilg was one of the important figures of classicism in the region of T\u011b\u0161\u00edn.<\/h5>\n\n\n\n<h2 class=\"wp-block-heading\"><a href=\"\/wp-content\/uploads\/CSZMB_3_2022_5.pdf\">FOTOGRAFIE V \u010cESK\u00c9M SLEZSKU DO ROKU 1918: PROLEGOMENA K V\u00ddZKUMU<\/a><\/h2>\n\n\n\n<h3 class=\"wp-block-heading\">Photography in Czech Silesia until 1918: Prolegomenon to the Research<\/h3>\n\n\n\n<h4 class=\"wp-block-heading\">Pavel \u0160op\u00e1k<\/h4>\n\n\n\n<h5 class=\"wp-block-heading\">Photography in Czech Silesia is a topic of research that has received only sporadic attention. The text focuses on the topic and its subcomponents (personalities, types of photographic implementations,musealization of photography, social life) from the perspective of further future research.<\/h5>\n\n\n\n<h2 class=\"wp-block-heading\"><a href=\"\/wp-content\/uploads\/CSZMB_3_2022_6.pdf\">V\u00ddSTAVN\u00cd \u010cINNOST V R\u00ddMA\u0158OV\u011a OD ROKU 1945 DO SOU\u010cASNOSTI S P\u0158IHL\u00c9DNUT\u00cdM K JEHO NEJBLI\u017d\u0160\u00cdM V\u00ddZNAMN\u00ddM GALERIJN\u00cdM CENTR\u016eM <\/a><\/h2>\n\n\n\n<h3 class=\"wp-block-heading\">Exhibition Activity in R\u00fdma\u0159ov from 1945 to the Present, Taking into Account its Nearest Important Gallery Centres<\/h3>\n\n\n\n<h4 class=\"wp-block-heading\">Michal Vyhl\u00eddal<\/h4>\n\n\n\n<h5 class=\"wp-block-heading\">The contribution deals with the evaluation of the exhibition activity in R\u00fdma\u0159ov in the period from 1945 to 1989 and the subsequent thirty-year operation of the Octopus Gallery located in the Municipal Museum in R\u00fdma\u0159ov, taking into account the nearest gallery centres, i.e. the exhibition activities of Jind\u0159ich \u0160treit in Sovinec, the unofficial grouping of VSUV artists in Uni\u010dov, the activities of Galerie V kapli (Chapel Gallery) in Brunt\u00e1l and Ji\u0159\u00ed J\u00edlek Gallery in \u0160umperk.<\/h5>\n\n\n\n<h2 class=\"wp-block-heading\"><a href=\"\/wp-content\/uploads\/CSZMB_3_2022_7.pdf\">Material Studies<\/a><\/h2>\n\n\n\n<h3 class=\"wp-block-heading\">K stavebn\u00edmu v\u00fdvoji are\u00e1lu firmy Hamburger ve Fulneku (Pavel \u0160op\u00e1k)<\/h3>\n\n\n\n<h3 class=\"wp-block-heading\">Kubistick\u00e9 rondo \u2013 nov\u00e1 zji\u0161t\u011bn\u00ed o elektr\u00e1rn\u011b a vile v H\u00e1ji u Mohelnice (Kl\u00e1ra Jeni\u0161tov\u00e1 \u2013 Martina Mertov\u00e1)<\/h3>\n\n\n\n<h2 class=\"wp-block-heading\"><a href=\"\/wp-content\/uploads\/CSZMB_3_2022_8.pdf\">Chronicle<\/a><\/h2>\n\n\n\n<h3 class=\"wp-block-heading\">Josef Baruch (1892\u20131966): jubilejn\u00ed vzpom\u00ednka (Pavel \u0160op\u00e1k)<\/h3>\n\n\n\n<h3 class=\"wp-block-heading\">Mal\u00ed\u0159 Bohum\u00edr Dvorsk\u00fd. Ke 120. v\u00fdro\u010d\u00ed narozen\u00ed (Pavel \u0160op\u00e1k)<\/h3>","protected":false},"excerpt":{"rendered":"<p>\u010cASOPIS SZM, s\u00e9rie B \u2013 V\u011aDY HISTORICK\u00c9 LXXI \/ 3 \/ 2022 EDITORIAL Pavel \u0160op\u00e1k NORIMBERSK\u00c1 MADONA ZE Z\u00c1MECK\u00c9 KAPLE V JANOVIC\u00cdCH U R\u00ddMA\u0158OVA VE SB\u00cdRCE SLEZSK\u00c9HO ZEMSK\u00c9HO MUZEA Nuremberg Madonna from Chateau Chapel in Janovice u R\u00fdma\u0159ova in Collections of Silesian Museum Denisa Hradilov\u00e1 The study deals with a small sculpture of the Virgin&hellip; <a class=\"more-link\" href=\"https:\/\/cszmb.cz\/en\/2022-03\/\">Continue reading <span class=\"screen-reader-text\">2022-03<\/span><\/a><\/p>","protected":false},"author":1,"featured_media":0,"parent":0,"menu_order":0,"comment_status":"closed","ping_status":"closed","template":"","meta":{"footnotes":""},"class_list":["post-700","page","type-page","status-publish","hentry","entry"],"_links":{"self":[{"href":"https:\/\/cszmb.cz\/en\/wp-json\/wp\/v2\/pages\/700","targetHints":{"allow":["GET"]}}],"collection":[{"href":"https:\/\/cszmb.cz\/en\/wp-json\/wp\/v2\/pages"}],"about":[{"href":"https:\/\/cszmb.cz\/en\/wp-json\/wp\/v2\/types\/page"}],"author":[{"embeddable":true,"href":"https:\/\/cszmb.cz\/en\/wp-json\/wp\/v2\/users\/1"}],"replies":[{"embeddable":true,"href":"https:\/\/cszmb.cz\/en\/wp-json\/wp\/v2\/comments?post=700"}],"version-history":[{"count":2,"href":"https:\/\/cszmb.cz\/en\/wp-json\/wp\/v2\/pages\/700\/revisions"}],"predecessor-version":[{"id":703,"href":"https:\/\/cszmb.cz\/en\/wp-json\/wp\/v2\/pages\/700\/revisions\/703"}],"wp:attachment":[{"href":"https:\/\/cszmb.cz\/en\/wp-json\/wp\/v2\/media?parent=700"}],"curies":[{"name":"wp","href":"https:\/\/api.w.org\/{rel}","templated":true}]}}