{"id":630,"date":"2023-01-05T06:37:56","date_gmt":"2023-01-05T05:37:56","guid":{"rendered":"https:\/\/cszmb.cz\/?page_id=630"},"modified":"2023-01-05T06:49:06","modified_gmt":"2023-01-05T05:49:06","slug":"2022-01","status":"publish","type":"page","link":"https:\/\/cszmb.cz\/en\/2022-01\/","title":{"rendered":"2022-01"},"content":{"rendered":"<h1 class=\"has-text-align-right wp-block-heading\">\u010cASOPIS SZM, s\u00e9rie B \u2013 V\u011aDY HISTORICK\u00c9 LXXI \/ 1 \/ 2022<\/h1>\n\n\n\n<h2 class=\"wp-block-heading\"><a href=\"\/wp-content\/uploads\/CSZMB_1_2022_1.pdf\">LESMISTR ADOLF WEHRBERGER Z&nbsp;HUBERTOVA U KARLOVY STUD\u00c1NKY, V\u00ddZNAMN\u00c1 OSOBNOST JESENICK\u00c9HO LESNICTV\u00cd DRUH\u00c9 POLOVINY 19. STOLET\u00cd<\/a><\/h2>\n\n\n\n<h3 class=\"wp-block-heading\">Verderer Adolf Wehrberger from Hubertov u Karlovy Vary Stud\u00e1nky, Significant Personality of Forests in Hrub\u00fd Jesen\u00edk Mountains of the Second Half of the 19th Century<\/h3>\n\n\n\n<h4 class=\"wp-block-heading\">Mat\u011bj Matela<\/h4>\n\n\n\n<h5 class=\"wp-block-heading\">The primary goal of the study focuses on the reconstruction of the life story, the legacy and partly also the personality of the forester Adolf Wehrberger (1830\u20131896), who worked most of his productive life in the small settlement of Hubertov, part of the spa village of Karlova Stud\u00e1nka. The text also partially reflects the history of the Hubertov district in the 19th century and, at the same time, captures some typical attributes of the forestry of the Order of the Teutonic Knights in the Brunt\u00e1l part of the Hrub\u00fd Jesen\u00edk Mountains.<\/h5>\n\n\n\n<h2 class=\"wp-block-heading\"><a href=\"\/wp-content\/uploads\/CSZMB_1_2022_2.pdf\">N\u011aMECKOJAZY\u010cN\u00c9 DIVADELN\u00cd SPOLE\u010cNOSTI VE SLEZSKU NA PO\u010c\u00c1TKU 20. STOLET\u00cd<\/a><\/h2>\n\n\n\n<h3 class=\"wp-block-heading\">German-language Theatre Companies in Silesia at the Beginning of the 20th Century<\/h3>\n\n\n\n<h4 class=\"wp-block-heading\">Sylva Pracn\u00e1<\/h4>\n\n\n\n<h5 class=\"wp-block-heading\">The study case captures the activities of German-language theatre companies and their directors in Silesia at the be- ginning of the 20th century. It focuses on smaller theatre companies, which mostly operated outside the network of town theatres. They performed in federal houses or in the halls of local taverns. The particular stays of tours by theatre companies, alongside to their composition and size are pinned down. The repertoire composition is also mentioned.<\/h5>\n\n\n\n<h2 class=\"wp-block-heading\"><a href=\"\/wp-content\/uploads\/CSZMB_1_2022_3.pdf\">STAVEBN\u00cd ROZVOJ KARLOVY STUD\u00c1NKY VE DRUH\u00c9 POLOVIN\u011a 19. A NA PO\u010c\u00c1TKU 20. STOLET\u00cd. \u010c\u00c1ST III. <\/a><\/h2>\n\n\n\n<h3 class=\"wp-block-heading\">Housing Development of Karlova Stud\u00e1nka in the Second Half of the 19th and at the Beginning of the 20th Century. Part III.<\/h3>\n\n\n\n<h4 class=\"wp-block-heading\">Robert \u0160rek<\/h4>\n\n\n\n<h5 class=\"wp-block-heading\">The study deals with the architectural and urban development of the spa complex in Karlova Stud\u00e1nka in the second half of the 19th century and at the beginning of the 20th century. Based on a detailed survey of archival sources stored in the Land Archive in Opava, it looks at the process of transformation of this spa in a broader scope; it does not only notice the architects themselves and the stylistic changes in the buildings, but it also examines the role of the individual components of the administrative apparatus of the Order of the Teutonic Knights. There are two basic periods in the development of Karlova Stud\u00e1nka: 1) from the 1850s to the 1880s; 2) from the 1890s until 1918. The study is published as a serial comprising three parts.<\/h5>\n\n\n\n<h2 class=\"wp-block-heading\"><a href=\"\/wp-content\/uploads\/CSZMB_1_2022_4.pdf\">V\u00ddSLEDKY INTERDISCIPLIN\u00c1RN\u00cdHO V\u00ddZKUMU OSTATK\u016e VOJ\u00c1K\u016e Z&nbsp;2. SV\u011aTOV\u00c9 V\u00c1LKY Z&nbsp;KATASTR\u016e DOBROSLAVIC A BOBOROVN\u00cdK\u016e (OKRES OPAVA)<\/a><\/h2>\n\n\n\n<h3 class=\"wp-block-heading\">Results of Interdisciplinary Research of the Remains of Soldiers from World War II from the Cadastres of Dobroslavice and Bobrovn\u00edky (Opava district)<\/h3>\n\n\n\n<h4 class=\"wp-block-heading\">Ji\u0159\u00ed Juchelka<\/h4>\n\n\n\n<h5 class=\"wp-block-heading\">In recent years, the Department of Archeology of the Silesian Museum conducted preventive rescue research of two situations with several \u201eburied\u201c units in the Bobrovn\u00edky cadastre. We were alerted to the findings of the remains thanks to local citizens, when the situation was destroyed by illegal excavations. For the same reason, in the same year, two remains of soldiers were researched in the cadastre of the village of Dobroslavice. In both localities, there was a professional collection of skeletal remains as well as finds from the place and the surrounding area. Subsequently, all skeletons obtained in this way were subjected to anthropological research, Conservation intervention in order to stabilize and stop further degradation also received individual findings. Selected ammunition was subjected to expert assessment in the field of criminology, ballistics.<\/h5>\n\n\n\n<h2 class=\"wp-block-heading\"><a href=\"\/wp-content\/uploads\/CSZMB_1_2022_5.pdf\">HISTORIE V\u00ddROBY OCELOV\u00ddCH LAHV\u00cd VE V\u00cdTKOVIC\u00cdCH. \u010c\u00c1ST II.: OD OSVOBOZEN\u00cd DO N\u00c1STUPU PERESTROJKY (1945\u20131985) <\/a><\/h2>\n\n\n\n<h3 class=\"wp-block-heading\">History of Steel Bottle Production in V\u00edtkovice. Part II.: From Liberation to the Onset of Perestroika (1945\u20131985)<\/h3>\n\n\n\n<h4 class=\"wp-block-heading\">Luk\u00e1\u0161 Lisn\u00edk<\/h4>\n\n\n\n<h5 class=\"wp-block-heading\">The text presented is the second part of a three-part series, which aims to acquaint the reader with the history of the production of pressure steel cylinders in the V\u00edtkovice Ironworks. Based on excerpts from sources in the company archive, the study reconstructs the production of bottles from the liberation in 1945 to the modernization of V\u00edtkovice bottling plant in 1985; it deals with the issue of a marginal production program in an industrial compa- ny focused on the production of major metallurgical and engineering units. The text also deals with the short stage of production of propane-butane bottles in V\u00edtkovice Ironworks.<\/h5>","protected":false},"excerpt":{"rendered":"<p>\u010cASOPIS SZM, s\u00e9rie B \u2013 V\u011aDY HISTORICK\u00c9 LXXI \/ 1 \/ 2022 LESMISTR ADOLF WEHRBERGER Z&nbsp;HUBERTOVA U KARLOVY STUD\u00c1NKY, V\u00ddZNAMN\u00c1 OSOBNOST JESENICK\u00c9HO LESNICTV\u00cd DRUH\u00c9 POLOVINY 19. STOLET\u00cd Verderer Adolf Wehrberger from Hubertov u Karlovy Vary Stud\u00e1nky, Significant Personality of Forests in Hrub\u00fd Jesen\u00edk Mountains of the Second Half of the 19th Century Mat\u011bj Matela The&hellip; <a class=\"more-link\" href=\"https:\/\/cszmb.cz\/en\/2022-01\/\">Continue reading <span class=\"screen-reader-text\">2022-01<\/span><\/a><\/p>","protected":false},"author":1,"featured_media":0,"parent":0,"menu_order":0,"comment_status":"closed","ping_status":"closed","template":"","meta":{"footnotes":""},"class_list":["post-630","page","type-page","status-publish","hentry","entry"],"_links":{"self":[{"href":"https:\/\/cszmb.cz\/en\/wp-json\/wp\/v2\/pages\/630","targetHints":{"allow":["GET"]}}],"collection":[{"href":"https:\/\/cszmb.cz\/en\/wp-json\/wp\/v2\/pages"}],"about":[{"href":"https:\/\/cszmb.cz\/en\/wp-json\/wp\/v2\/types\/page"}],"author":[{"embeddable":true,"href":"https:\/\/cszmb.cz\/en\/wp-json\/wp\/v2\/users\/1"}],"replies":[{"embeddable":true,"href":"https:\/\/cszmb.cz\/en\/wp-json\/wp\/v2\/comments?post=630"}],"version-history":[{"count":3,"href":"https:\/\/cszmb.cz\/en\/wp-json\/wp\/v2\/pages\/630\/revisions"}],"predecessor-version":[{"id":633,"href":"https:\/\/cszmb.cz\/en\/wp-json\/wp\/v2\/pages\/630\/revisions\/633"}],"wp:attachment":[{"href":"https:\/\/cszmb.cz\/en\/wp-json\/wp\/v2\/media?parent=630"}],"curies":[{"name":"wp","href":"https:\/\/api.w.org\/{rel}","templated":true}]}}