{"id":349,"date":"2021-10-20T19:28:33","date_gmt":"2021-10-20T17:28:33","guid":{"rendered":"https:\/\/cszmb.cz\/?page_id=349"},"modified":"2021-11-06T14:01:23","modified_gmt":"2021-11-06T13:01:23","slug":"2019-01","status":"publish","type":"page","link":"https:\/\/cszmb.cz\/en\/2019-01\/","title":{"rendered":"2019-01"},"content":{"rendered":"<h1 class=\"has-text-align-right wp-block-heading\">\u010cASOPIS SZM, s\u00e9rie B \u2013 V\u011aDY HISTORICK\u00c9 LXVIII \/ 1 \/ 2019<\/h1>\n\n\n\n<h2 class=\"wp-block-heading\"><a href=\"\/wp-content\/uploads\/CSZMB_1_2019_1.pdf\">K nejstar\u0161\u00edm zobrazen\u00edm sv. \u0158eho\u0159e Velik\u00e9ho v \u010desk\u00e9m um\u011bn\u00ed do konce 14. stolet\u00ed<\/a><\/h2>\n\n\n\n<h3 class=\"wp-block-heading\">To the oldest depictions of St. Gregory the Great in the Bohemian Art until the end of 14th century<\/h3>\n\n\n\n<h4 class=\"wp-block-heading\">Martin Slepi\u010dka<\/h4>\n\n\n\n<h5 class=\"wp-block-heading\">The article deals with the oldest depictions of St. Gregory the Great in the Bohemian Medieval Art in the period before the arrival of some new iconographic motifs in the 15 th century. The text represents a first attempt to describe the origins of St. Gregory the Great cult in the Bohemian Medieval lands and also informs about the iconographic types and various iconographic details on the most relevant examples of the Bohemian St. Gregory\u2019s depictions. The first image of St. Gregory the Great, as the Pope with the papal tiara, was discovered in the Bohemian Medieval Art in the 12 th century and, in the next two centuries, he was strictly depicted as a simple standing or seated figure of the Pope or as the Pope writings in the scriptorium.<\/h5>\n\n\n\n<h2 class=\"wp-block-heading\"><a href=\"\/wp-content\/uploads\/CSZMB_1_2019_2.pdf\">St\u0159edov\u011bk\u00e9 sklen\u011bn\u00e9 krou\u017eky z Opavy<\/a><\/h2>\n\n\n\n<h3 class=\"wp-block-heading\">Mediaeval glass rings from Opava<\/h3>\n\n\n\n<h4 class=\"wp-block-heading\">Kate\u0159ina Va\u010furov\u00e1<\/h4>\n\n\n\n<h5 class=\"wp-block-heading\">This article presents one group of mediaeval glass products in Opava, glass rings, in the context of the Bohemian lands and Central Europe. The glass rings from Opava are dated, on the basis of pottery, to the late 13th and early 14th centuries. In this period, the occurrence of glass rings in archaeological sites in Central Europe was already on the wane. Most of the glass rings were obtained during the excavations in the Dominican Monastery in Opava in the 1970s, only one specimen was found in the Lower Square. Attention will be paid both to the question of the origin of these rings from our countries and their production as well as to their possible function.<\/h5>\n\n\n\n<h2 class=\"wp-block-heading\"><a href=\"\/wp-content\/uploads\/CSZMB_1_2019_3.pdf\">Z historie socha\u0159sk\u00e9 v\u00fdzdoby Smetanov\u00fdch sad\u016f v Olomouci do konce druh\u00e9 sv\u011btov\u00e9 v\u00e1lky<\/a><\/h2>\n\n\n\n<h3 class=\"wp-block-heading\">From the History of Sculptural Decoration of Smetanovy Sady in Olomouc until the End of the Second World War<\/h3>\n\n\n\n<h4 class=\"wp-block-heading\">Old\u0159ich Novotn\u00fd<\/h4>\n\n\n\n<h5 class=\"wp-block-heading\">The study deals with the history of sculptural decoration of Smetanovy Sady in Olomouc. It focuses on the works created before the end of the Second World War and summarizes the relatively little studied topic, based on the research of available sources and literature. The work emphasizes historical and art-historical context of individual works and evaluates their importance in relation to their function and their placement within the park. The authors of non-anonymous sculptures are briefly introduced as well.<\/h5>\n\n\n\n<h2 class=\"wp-block-heading\"><a href=\"\/wp-content\/uploads\/CSZMB_1_2019_4.pdf\">Betl\u00e9my ze sb\u00edrek Slezsk\u00e9ho zemsk\u00e9ho muzea<\/a><\/h2>\n\n\n\n<h3 class=\"wp-block-heading\">Nativity scenes from the collections of the Silesian Museum<\/h3>\n\n\n\n<h4 class=\"wp-block-heading\">Miroslava Such\u00e1nkov\u00e1<\/h4>\n\n\n\n<h5 class=\"wp-block-heading\">An interesting collection of historical nativity scenes documenting the nativity-scene tradition in the territory of Czech Silesia and Northern Moravia from the end of the 18th century to the present forms part of the rich ethnographic collection of the Silesian Museum. The study outlines the development of this collection, describes it comprehensively and evaluates it from various perspectives.<\/h5>\n\n\n\n<h2 class=\"wp-block-heading\"><a href=\"\/wp-content\/uploads\/CSZMB_1_2019_5.pdf\">Hrdinov\u00e9 a ob\u011bti. Hodnoty a p\u0159\u00edb\u011bhy. Muzejn\u00ed reflexe prvn\u00ed sv\u011btov\u00e9 v\u00e1lky na Morav\u011b a ve Slezsku \u2013 prolegomena k v\u00fdzkumu<\/a><\/h2>\n\n\n\n<h3 class=\"wp-block-heading\">Heroes and Victims. Values and Stories. Museum reflection of the first world war in Moravia and Silesia &#8211; A prolegomenon to the research<\/h3>\n\n\n\n<h4 class=\"wp-block-heading\">Pavel \u0160op\u00e1k<\/h4>\n\n\n\n<h5 class=\"wp-block-heading\">The paper deals with the specific aspects of the musealization of the First World War, military presentation of the military (war) traditions during the war and in the post-war period, and draws attention to the specifics of the museum activities, especially exhibitions held during the war years. The examples, on which the general aspects are shown, have been selected especially from the Moravian and Silesian regions, but also the general trends from the entire territory of Czechoslovakia are taken into account.<\/h5>\n\n\n\n<h2 class=\"wp-block-heading\"><a href=\"\/wp-content\/uploads\/CSZMB_1_2019_6.pdf\">Material Studies<\/a><\/h2>\n\n\n\n<h3 class=\"wp-block-heading\">\u0158\u00edmsk\u00e1 mince z V\u00e1clavovic <em>(Miroslav Da\u0148hel \u2013 Milan Pastr\u0148\u00e1k)<\/em><\/h3>\n\n\n\n<h2 class=\"wp-block-heading\"><a href=\"\/wp-content\/uploads\/CSZMB_1_2019_7.pdf\">Material Studies<\/a><\/h2>\n\n\n\n<h3 class=\"wp-block-heading\">Korespondence Wilhelma Przeczka s Jind\u0159ichem Zogatou z let 1981\u20131992. \u010c\u00e1st II. Leden 1988 \u2013 \u010dervenec 1987. <em>(Libor Martinek)<\/em><\/h3>\n\n\n\n<h2 class=\"wp-block-heading\"><a href=\"\/wp-content\/uploads\/CSZMB_1_2019_8.pdf\">Anniversaries<\/a><\/h2>\n\n\n\n<h3 class=\"wp-block-heading\">Vz\u00e1cn\u00e9 \u017eivotn\u00ed jubileum Niny Pavel\u010d\u00edkov\u00e9 <em>(Pavel \u0160op\u00e1k)<\/em><\/h3>\n\n\n\n<h2 class=\"wp-block-heading\"><a href=\"\/wp-content\/uploads\/CSZMB_1_2019_9.pdf\">Anniversaries<\/a><\/h2>\n\n\n\n<h3 class=\"wp-block-heading\">Bibliografie Niny Pavel\u010d\u00edkov\u00e9 <em>(Pavel \u0160op\u00e1k)<\/em><\/h3>\n\n\n\n<h2 class=\"wp-block-heading\"><a href=\"\/wp-content\/uploads\/CSZMB_1_2019_10.pdf\">Reviews<\/a><\/h2>\n\n\n\n<h3 class=\"wp-block-heading\">Ond\u0159ej KOL\u00c1\u0158 a kol., Slezsko a Ostravsko v Masarykov\u011b republice, Opava 2018, 121 s. <em>(Nina Pavel\u010d\u00edkov\u00e1)<\/em><\/h3>\n\n\n\n<h2 class=\"wp-block-heading\"><a href=\"\/wp-content\/uploads\/CSZMB_1_2019_11.pdf\">Chronicle<\/a><\/h2>\n\n\n\n<h3 class=\"wp-block-heading\">Co n\u00e1m \u0159\u00edk\u00e1 sto let republiky o historick\u00e9m v\u011bdom\u00ed? <em>(Ond\u0159ej Kol\u00e1\u0159)<\/em><\/h3>\n\n\n\n<h3 class=\"wp-block-heading\">Funkcionalismus <em>(Ilona Pavelkov\u00e1)<\/em><\/h3>","protected":false},"excerpt":{"rendered":"<p>\u010cASOPIS SZM, s\u00e9rie B \u2013 V\u011aDY HISTORICK\u00c9 LXVIII \/ 1 \/ 2019 K nejstar\u0161\u00edm zobrazen\u00edm sv. \u0158eho\u0159e Velik\u00e9ho v \u010desk\u00e9m um\u011bn\u00ed do konce 14. stolet\u00ed To the oldest depictions of St. Gregory the Great in the Bohemian Art until the end of 14th century Martin Slepi\u010dka The article deals with the oldest depictions of St.&hellip; <a class=\"more-link\" href=\"https:\/\/cszmb.cz\/en\/2019-01\/\">Continue reading <span class=\"screen-reader-text\">2019-01<\/span><\/a><\/p>","protected":false},"author":1,"featured_media":0,"parent":0,"menu_order":0,"comment_status":"closed","ping_status":"closed","template":"","meta":{"footnotes":""},"class_list":["post-349","page","type-page","status-publish","hentry","entry"],"_links":{"self":[{"href":"https:\/\/cszmb.cz\/en\/wp-json\/wp\/v2\/pages\/349","targetHints":{"allow":["GET"]}}],"collection":[{"href":"https:\/\/cszmb.cz\/en\/wp-json\/wp\/v2\/pages"}],"about":[{"href":"https:\/\/cszmb.cz\/en\/wp-json\/wp\/v2\/types\/page"}],"author":[{"embeddable":true,"href":"https:\/\/cszmb.cz\/en\/wp-json\/wp\/v2\/users\/1"}],"replies":[{"embeddable":true,"href":"https:\/\/cszmb.cz\/en\/wp-json\/wp\/v2\/comments?post=349"}],"version-history":[{"count":3,"href":"https:\/\/cszmb.cz\/en\/wp-json\/wp\/v2\/pages\/349\/revisions"}],"predecessor-version":[{"id":486,"href":"https:\/\/cszmb.cz\/en\/wp-json\/wp\/v2\/pages\/349\/revisions\/486"}],"wp:attachment":[{"href":"https:\/\/cszmb.cz\/en\/wp-json\/wp\/v2\/media?parent=349"}],"curies":[{"name":"wp","href":"https:\/\/api.w.org\/{rel}","templated":true}]}}