{"id":347,"date":"2021-10-20T19:28:12","date_gmt":"2021-10-20T17:28:12","guid":{"rendered":"https:\/\/cszmb.cz\/?page_id=347"},"modified":"2021-11-06T13:59:48","modified_gmt":"2021-11-06T12:59:48","slug":"2019-02","status":"publish","type":"page","link":"https:\/\/cszmb.cz\/en\/2019-02\/","title":{"rendered":"2019-02"},"content":{"rendered":"<h1 class=\"has-text-align-right wp-block-heading\">\u010cASOPIS SZM, s\u00e9rie B \u2013 V\u011aDY HISTORICK\u00c9 LXVIII \/ 3 \/ 2019<\/h1>\n\n\n\n<h2 class=\"wp-block-heading\"><a href=\"\/wp-content\/uploads\/CSZMB_2_2019_1.pdf\">Vznik a organizace Obchodn\u00ed a \u017eivnostensk\u00e9 komory v Opav\u011b <\/a><\/h2>\n\n\n\n<h3 class=\"wp-block-heading\">Establishment and Organization of the Chamber of Commerce and Trade in Opava<\/h3>\n\n\n\n<h4 class=\"wp-block-heading\">Pavel \u017d\u00eddek<\/h4>\n\n\n\n<h5 class=\"wp-block-heading\">In the course of less than a century of its existence, Chambers of Commerce and Trade represented significant institutions of the economic life of the Habsburg Monarchy and the Czechoslovak Republic. This was also the case of the Opava Chamber. Hence, the aim of the study presented is to try to approach major milestones in its development, from the proces of establishment in 1850 until its abolition at the end of 1948, especially in the area of the elected members of the Chamber, the right to vote and the changes in its chamber district.<\/h5>\n\n\n\n<h2 class=\"wp-block-heading\"><a href=\"\/wp-content\/uploads\/CSZMB_2_2019_2.pdf\">Vodol\u00e9\u010debn\u00e9 l\u00e1zn\u011b v Mnichov\u011b u Vrbna pod Prad\u011bdem (1881\u20131946) <\/a><\/h2>\n\n\n\n<h3 class=\"wp-block-heading\">Hydrotherapy Spa in Mnichov u Vrbna pod Prad\u011bdem (1881\u20131946)<\/h3>\n\n\n\n<h4 class=\"wp-block-heading\">Veronika Jurikov\u00e1<\/h4>\n\n\n\n<h5 class=\"wp-block-heading\">The study deals with a defunct hydrotherapy institute in Mnichov u Vrbna pod Prad\u011bdem, which was administered by the Congregation of Sisters of Mercy of Saint Charles Borromeo. The spa was in operation at least from 1881 to1946; during this period Mnichov became a treatment place, visited annually by hundreds of people.<\/h5>\n\n\n\n<h2 class=\"wp-block-heading\"><a href=\"\/wp-content\/uploads\/CSZMB_2_2019_3.pdf\">Karlova Stud\u00e1nka: prom\u011bny l\u00e1ze\u0148sk\u00e9ho \u00fazem\u00ed v letech 1945\u20131989 <\/a><\/h2>\n\n\n\n<h3 class=\"wp-block-heading\">Karlova Stud\u00e1nka: transformation of the spa area in the period from 1945 to 1989<\/h3>\n\n\n\n<h4 class=\"wp-block-heading\">Marta \u0160op\u00e1kov\u00e1 \u2013 Pavel \u0160op\u00e1k<\/h4>\n\n\n\n<h5 class=\"wp-block-heading\">The study focuses on the transformations of the Karlova Stud\u00e1nka spa in the period from 1945 to 1989. It reveals unknown facts from the history of the spa and the circumstances of its construction, lists the names of project authors, including unimplemented plans, and, on the basis of the plan material deposited at the spa&#8217;s head office, it illustrates a comprehensive concept of the intentions relating to the construction of the premises, the modernization of the buildings and the modification of the park areas, including the contents of the buildings.<\/h5>\n\n\n\n<h2 class=\"wp-block-heading\"><a href=\"\/wp-content\/uploads\/CSZMB_2_2019_4.pdf\">H\u0159bitov v roli kroniky obce \u2013 p\u0159\u00edklad poh\u0159ebi\u0161\u0165 v Opav\u011b-Kate\u0159ink\u00e1ch <\/a><\/h2>\n\n\n\n<h3 class=\"wp-block-heading\">A Cemetery as a Village Chronicle \u2013 an Example of Burial Grounds in Opava-Kate\u0159inky<\/h3>\n\n\n\n<h4 class=\"wp-block-heading\">Ivana Malou\u0161kov\u00e1<\/h4>\n\n\n\n<h5 class=\"wp-block-heading\">The article deals with the history of burial grounds in the district of Opava-Kate\u0159inky in the period from the second half of the 19th century and also pays attention to the last resting places of local personalities. The original cemetery in this municipality had been located around the church of St. Catherine of Alexandria since the Middle Ages, from where it was, after the cholera epidemic in 1866, gradually moved to the Chapel of the Holy Cross on the outskirts of this municipality. In 1896, a municipal cemetery, later called the town cemetery, was expanded and built. Kate\u0159inky was mainly a peasant village, but the composition of origin and occupation of the deceased is quite manifold. At the church of St. Catherine, for example, tombstones of the possessors of the local courts, such as Czedik from Badenfeld, Renard or Rudzinski, have been preserved. In the church cemetery as well as the municipal one, there were then buried, for example, Mat\u011bj Val\u00edk, a chronicler and municipal secretary, Franti\u0161ek Eli\u00e1\u0161, the Chief Regional Judicial Councillor, whose bond with the municipality was shielded by his wife Marie, Anton\u00edn Gruda a priest and politician, or Vincenc Jan\u00e1\u010dek, the uncle of the composer Leo\u0161 Jan\u00e1\u010dek, who chose Kate\u0159inky as the place for spending the rest of his life. Information about the cemetery and the deceased is brought mainly by funds deposited in the Regional Archives in Opava and in the State District Archives in Opava. Additional information is also provided by the records and indices of funerals stored in the archive of Technical Services of the City of Opava &#8211; Cemetery Administration.<\/h5>\n\n\n\n<h2 class=\"wp-block-heading\"><a href=\"\/wp-content\/uploads\/CSZMB_2_2019_5.pdf\">Material Studies<\/a><\/h2>\n\n\n\n<h3 class=\"wp-block-heading\">Korespondence Wilhelma Przeczka s Jind\u0159ichem Zogatou z let 1981\u20131991. \u010c\u00e1st III. Srpen 1989 \u2013 \u00danor 1991 <em>(Libor Martinek)<\/em><\/h3>\n\n\n\n<h2 class=\"wp-block-heading\"><a href=\"\/wp-content\/uploads\/CSZMB_2_2019_6.pdf\">Anniversaries<\/a><\/h2>\n\n\n\n<h3 class=\"wp-block-heading\">Druh\u00fd \u017eivot Erasma Kreuzingera (p\u0159ipom\u00ednka k 140. v\u00fdro\u010d\u00ed \u00famrt\u00ed) <em>(Pavel \u0160op\u00e1k)<\/em><\/h3>\n\n\n\n<h3 class=\"wp-block-heading\">Jan Rohel a jeho Desatero (k 110. v\u00fdro\u010d\u00ed narozen\u00ed) <em>(Ond\u0159ej Kol\u00e1\u0159)<\/em><\/h3>\n\n\n\n<h3 class=\"wp-block-heading\">Ji\u0159\u00ed \u0160tefanides \u2013 \u017eivotn\u00ed jubileum <em>(Sylva Pracn\u00e1)<\/em><\/h3>\n\n\n\n<h2 class=\"wp-block-heading\"><a href=\"\/wp-content\/uploads\/CSZMB_2_2019_7.pdf\">Reviews<\/a><\/h2>\n\n\n\n<h3 class=\"wp-block-heading\">Ond\u0159ej KOL\u00c1\u0158 \u2013 Kamila POL\u00c1KOV\u00c1, Odchody a n\u00e1vraty. Vzpom\u00ednky \u00fa\u010dastn\u00edk\u016f zahrani\u010dn\u00edho protinacistick\u00e9ho odboje ze Slezska a Ostravska <em>(Anna Blateck\u00e1)<\/em><\/h3>\n\n\n\n<h3 class=\"wp-block-heading\">Bohumila TINZOV\u00c1 \u2013 Barbara ZEITELHACK \u2013 Catherina LOPEZ DR\u00c9AU, Konec a Za\u010d\u00e1tek. Jesen\u00edk \/ Neuburg an der Donau \/ S\u00e8te. T\u0159i evropsk\u00e1 m\u011bsta v letech 1918\u20131920 <em>(Ond\u0159ej Kol\u00e1\u0159)<\/em><\/h3>\n\n\n\n<h2 class=\"wp-block-heading\"><a href=\"\/wp-content\/uploads\/CSZMB_2_2019_8.pdf\">Chronicle<\/a><\/h2>\n\n\n\n<h3 class=\"wp-block-heading\">Na cest\u011b k vytvo\u0159en\u00ed nov\u00e9ho socialistick\u00e9ho \u010dlov\u011bka. Konference k 70. v\u00fdro\u010d\u00ed post\u00e1tn\u011bn\u00ed (nejen) zemsk\u00fdch muze\u00ed v \u010ceskoslovensku <em>(Vojt\u011bch Pokorn\u00fd)<\/em>.<\/h3>","protected":false},"excerpt":{"rendered":"<p>\u010cASOPIS SZM, s\u00e9rie B \u2013 V\u011aDY HISTORICK\u00c9 LXVIII \/ 3 \/ 2019 Vznik a organizace Obchodn\u00ed a \u017eivnostensk\u00e9 komory v Opav\u011b Establishment and Organization of the Chamber of Commerce and Trade in Opava Pavel \u017d\u00eddek In the course of less than a century of its existence, Chambers of Commerce and Trade represented significant institutions of&hellip; <a class=\"more-link\" href=\"https:\/\/cszmb.cz\/en\/2019-02\/\">Continue reading <span class=\"screen-reader-text\">2019-02<\/span><\/a><\/p>","protected":false},"author":1,"featured_media":0,"parent":0,"menu_order":0,"comment_status":"closed","ping_status":"closed","template":"","meta":{"footnotes":""},"class_list":["post-347","page","type-page","status-publish","hentry","entry"],"_links":{"self":[{"href":"https:\/\/cszmb.cz\/en\/wp-json\/wp\/v2\/pages\/347","targetHints":{"allow":["GET"]}}],"collection":[{"href":"https:\/\/cszmb.cz\/en\/wp-json\/wp\/v2\/pages"}],"about":[{"href":"https:\/\/cszmb.cz\/en\/wp-json\/wp\/v2\/types\/page"}],"author":[{"embeddable":true,"href":"https:\/\/cszmb.cz\/en\/wp-json\/wp\/v2\/users\/1"}],"replies":[{"embeddable":true,"href":"https:\/\/cszmb.cz\/en\/wp-json\/wp\/v2\/comments?post=347"}],"version-history":[{"count":2,"href":"https:\/\/cszmb.cz\/en\/wp-json\/wp\/v2\/pages\/347\/revisions"}],"predecessor-version":[{"id":485,"href":"https:\/\/cszmb.cz\/en\/wp-json\/wp\/v2\/pages\/347\/revisions\/485"}],"wp:attachment":[{"href":"https:\/\/cszmb.cz\/en\/wp-json\/wp\/v2\/media?parent=347"}],"curies":[{"name":"wp","href":"https:\/\/api.w.org\/{rel}","templated":true}]}}