{"id":30,"date":"2021-09-29T12:38:30","date_gmt":"2021-09-29T10:38:30","guid":{"rendered":"https:\/\/cszmb.cz\/?page_id=30"},"modified":"2025-12-22T09:47:32","modified_gmt":"2025-12-22T08:47:32","slug":"archiv","status":"publish","type":"page","link":"https:\/\/cszmb.cz\/en\/archiv\/","title":{"rendered":"Archive"},"content":{"rendered":"<div class=\"wp-block-columns is-layout-flex wp-container-core-columns-is-layout-9d6595d7 wp-block-columns-is-layout-flex\">\n<div class=\"wp-block-column is-layout-flow wp-block-column-is-layout-flow\">\n<h2 class=\"wp-block-heading\">Obsahy ro\u010dn\u00edk\u016f<\/h2>\n\n\n\n<figure class=\"wp-block-table archiv\"><table><tbody><tr><td><strong>2025<\/strong><\/td><td>LXXIV<\/td><td><a href=\"\/wp-content\/uploads\/Obsah-CSZM-B_2025_1.pdf\">\u010d\u00edslo 1<\/a> | <a href=\"\/wp-content\/uploads\/Obsah-CSZM-B_2025_2-3.pdf\">\u010d\u00edslo 2-3<\/a> <\/td><\/tr><tr><td><strong>2024<\/strong><\/td><td>LXXIII<\/td><td><a href=\"\/wp-content\/uploads\/Obsah-CSZM-B_2024_1-2.pdf\">\u010d\u00edslo 1-2<\/a> | <a href=\"\/wp-content\/uploads\/Obsah-CSZM-B_2024_3.pdf\">\u010d\u00edslo 3<\/a> <\/td><\/tr><tr><td><strong>2023<\/strong><\/td><td>LXXII<\/td><td><a href=\"\/wp-content\/uploads\/Obsah-CSZM-B_2023_1-2.pdf\">\u010d\u00edslo 1-2<\/a> | <a href=\"\/wp-content\/uploads\/Obsah-CSZM-B_2023_3.pdf\">\u010d\u00edslo 3<\/a> <\/td><\/tr><tr><td><strong>2022<\/strong><\/td><td>LXXI<\/td><td><a href=\"\/wp-content\/uploads\/Obsah-CSZM-B_2022_1.pdf\">\u010d\u00edslo 1<\/a> | <a href=\"\/wp-content\/uploads\/Obsah-CSZM-B_2022_2.pdf\">\u010d\u00edslo 2<\/a>  | <a href=\"\/wp-content\/uploads\/Obsah-CSZM-B_2022_3.pdf\">\u010d\u00edslo 3<\/a> <\/td><\/tr><tr><td><strong>2021<\/strong><\/td><td>LXX<\/td><td><a href=\"\/wp-content\/uploads\/Obsah-CSZM-B_2021_1.pdf\">\u010d\u00edslo 1<\/a> | <a href=\"\/wp-content\/uploads\/Obsah-CSZM-B_2021_2-3.pdf\">\u010d\u00edslo 2-3<\/a> <\/td><\/tr><tr><td><strong>2020<\/strong><\/td><td>LXIX<\/td><td><a href=\"\/wp-content\/uploads\/Obsah-CSZM-B_2020_1.pdf\">\u010d\u00edslo 1<\/a> | <a href=\"\/wp-content\/uploads\/Obsah-CSZM-B_2020_2.pdf\">\u010d\u00edslo 2<\/a> | <a href=\"\/wp-content\/uploads\/Obsah-CSZM-B_2020_3.pdf\">\u010d\u00edslo 3<\/a><\/td><\/tr><tr><td><strong>2019<\/strong><\/td><td>LXVIII<\/td><td><a href=\"\/wp-content\/uploads\/Obsah-CSZM-B_2019_1.pdf\">\u010d\u00edslo 1<\/a> | <a href=\"\/wp-content\/uploads\/Obsah-CSZM-B_2019_2.pdf\">\u010d\u00edslo 2<\/a> | <a href=\"\/wp-content\/uploads\/Obsah-CSZM-B_2019_3.pdf\">\u010d\u00edslo 3<\/a><\/td><\/tr><tr><td><strong>2018<\/strong><\/td><td>LXVII<\/td><td><a href=\"\/wp-content\/uploads\/Obsah-CSZM-B_2018_1-3.pdf\">\u010d\u00edslo 1-3<\/a><\/td><\/tr><tr><td><strong>2017<\/strong><\/td><td>LXVI<\/td><td><a href=\"\/wp-content\/uploads\/Obsah-CSZM-B_2017_1-2.pdf\">\u010d\u00edslo 1-2<\/a> | <a href=\"\/wp-content\/uploads\/Obsah-CSZM-B_2017_3.pdf\">\u010d\u00edslo 3<\/a><\/td><\/tr><tr><td><strong>2016<\/strong><\/td><td>LXV<\/td><td><a href=\"\/wp-content\/uploads\/Obsah-CSZM-B_2016_1.pdf\">\u010d\u00edslo 1<\/a> | <a href=\"\/wp-content\/uploads\/Obsah-CSZM-B_2016_2.pdf\">\u010d\u00edslo 2<\/a> | <a href=\"\/wp-content\/uploads\/Obsah-CSZM-B_2016_3.pdf\">\u010d\u00edslo 3<\/a><\/td><\/tr><tr><td><strong>2015<\/strong><\/td><td>LXIV<\/td><td><a href=\"\/wp-content\/uploads\/Obsah-CSZM-B_2015_1.pdf\">\u010d\u00edslo 1<\/a> | <a href=\"\/wp-content\/uploads\/Obsah-CSZM-B_2015_2.pdf\">\u010d\u00edslo 2<\/a> | <a href=\"\/wp-content\/uploads\/Obsah-CSZM-B_2015_3.pdf\">\u010d\u00edslo 3<\/a><\/td><\/tr><tr><td><strong>2014<\/strong><\/td><td>LXIII<\/td><td><a href=\"\/wp-content\/uploads\/Obsah-CSZM-B_2014_1.pdf\">\u010d\u00edslo 1<\/a> | <a href=\"\/wp-content\/uploads\/Obsah-CSZM-B_2014_2.pdf\">\u010d\u00edslo 2<\/a> | <a href=\"\/wp-content\/uploads\/Obsah-CSZM-B_2014_3.pdf\">\u010d\u00edslo 3<\/a><\/td><\/tr><tr><td><strong>2013<\/strong><\/td><td>LXII<\/td><td><a href=\"\/wp-content\/uploads\/Obsah-CSZM-B_2013_1.pdf\">\u010d\u00edslo 1<\/a> | <a href=\"\/wp-content\/uploads\/Obsah-CSZM-B_2013_2-3.pdf\">\u010d\u00edslo 2-3<\/a><\/td><\/tr><tr><td><strong>2012<\/strong><\/td><td>LXI<\/td><td><a href=\"\/wp-content\/uploads\/Obsah-CSZM-B_2012_1.pdf\">\u010d\u00edslo 1<\/a> | <a href=\"\/wp-content\/uploads\/Obsah-CSZM-B_2012_2.pdf\">\u010d\u00edslo 2<\/a> | <a href=\"\/wp-content\/uploads\/Obsah-CSZM-B_2012_3.pdf\">\u010d\u00edslo 3<\/a><\/td><\/tr><tr><td><strong>2011<\/strong><\/td><td>LX<\/td><td><a href=\"\/wp-content\/uploads\/Obsah-CSZM-B_2011_1.pdf\">\u010d\u00edslo 1<\/a> | <a href=\"\/wp-content\/uploads\/Obsah-CSZM-B_2011_2.pdf\">\u010d\u00edslo 2<\/a> | <a href=\"\/wp-content\/uploads\/Obsah-CSZM-B_2011_3.pdf\">\u010d\u00edslo 3<\/a><\/td><\/tr><tr><td><strong>2010<\/strong><\/td><td>LIX<\/td><td><a href=\"\/wp-content\/uploads\/Obsah-CSZM-B_2010_1.pdf\">\u010d\u00edslo 1<\/a> | <a href=\"\/wp-content\/uploads\/Obsah-CSZM-B_2010_2.pdf\">\u010d\u00edslo 2<\/a> | <a href=\"\/wp-content\/uploads\/Obsah-CSZM-B_2010_3.pdf\">\u010d\u00edslo 3<\/a><\/td><\/tr><tr><td><strong>2009<\/strong><\/td><td>LVIII<\/td><td><a href=\"\/wp-content\/uploads\/Obsah-CSZM-B_2009_1.pdf\">\u010d\u00edslo 1<\/a> | <a href=\"\/wp-content\/uploads\/Obsah-CSZM-B_2009_2.pdf\">\u010d\u00edslo 2<\/a> | <a href=\"\/wp-content\/uploads\/Obsah-CSZM-B_2009_3.pdf\">\u010d\u00edslo 3<\/a><\/td><\/tr><tr><td><strong>2008<\/strong><\/td><td>LVII<\/td><td><a href=\"\/wp-content\/uploads\/Obsah-CSZM-B_2008.pdf\">obsah ro\u010dn\u00edku<\/a><\/td><\/tr><tr><td><strong>2007<\/strong><\/td><td>LVI<\/td><td><a href=\"\/wp-content\/uploads\/Obsah-CSZM-B_2007.pdf\">obsah ro\u010dn\u00edku<\/a><\/td><\/tr><tr><td><strong>2006<\/strong><\/td><td>LV<\/td><td><a href=\"\/wp-content\/uploads\/Obsah-CSZM-B_2006.pdf\">obsah ro\u010dn\u00edku<\/a><\/td><\/tr><tr><td><strong>2005<\/strong><\/td><td>LIV<\/td><td><a href=\"\/wp-content\/uploads\/Obsah-CSZM-B_2005.pdf\">obsah ro\u010dn\u00edku<\/a><\/td><\/tr><tr><td><strong>2004<\/strong><\/td><td>LIII<\/td><td><a href=\"\/wp-content\/uploads\/Obsah-CSZM-B_2004.pdf\">obsah ro\u010dn\u00edku<\/a><\/td><\/tr><tr><td><strong>2003<\/strong><\/td><td>LII<\/td><td><a href=\"\/wp-content\/uploads\/Obsah-CSZM-B_2003.pdf\">obsah ro\u010dn\u00edku<\/a><\/td><\/tr><tr><td><strong>2002<\/strong><\/td><td>LI<\/td><td><a href=\"\/wp-content\/uploads\/Obsah-CSZM-B_2002.pdf\">obsah ro\u010dn\u00edku<\/a><\/td><\/tr><tr><td><strong>2001<\/strong><\/td><td>L<\/td><td><a href=\"\/wp-content\/uploads\/Obsah-CSZM-B_2001.pdf\">obsah ro\u010dn\u00edku<\/a><\/td><\/tr><tr><td><strong>2000<\/strong><\/td><td>XLIX<\/td><td><a href=\"\/wp-content\/uploads\/Obsah-CSZM-B_2000.pdf\">obsah ro\u010dn\u00edku<\/a><\/td><\/tr><tr><td><strong>1999<\/strong><\/td><td>XLVIII<\/td><td><a href=\"\/wp-content\/uploads\/Obsah-CSZM-B_1999.pdf\">obsah ro\u010dn\u00edku<\/a><\/td><\/tr><tr><td><strong>1998<\/strong><\/td><td>XLVII<\/td><td><a href=\"\/wp-content\/uploads\/Obsah-CSZM-B_1998.pdf\">obsah ro\u010dn\u00edku<\/a><\/td><\/tr><tr><td><strong>1997<\/strong><\/td><td>XLVI<\/td><td><a href=\"\/wp-content\/uploads\/Obsah-CSZM-B_1997.pdf\">obsah ro\u010dn\u00edku<\/a><\/td><\/tr><tr><td><strong>1996<\/strong><\/td><td>XLV<\/td><td><a href=\"\/wp-content\/uploads\/Obsah-CSZM-B_1996.pdf\">obsah ro\u010dn\u00edku<\/a><\/td><\/tr><tr><td><strong>1995<\/strong><\/td><td>XLIV<\/td><td><a href=\"\/wp-content\/uploads\/Obsah-CSZM-B_1995.pdf\">obsah ro\u010dn\u00edku<\/a><\/td><\/tr><tr><td><strong>1994<\/strong><\/td><td>XLIII<\/td><td><a href=\"\/wp-content\/uploads\/Obsah-CSZM-B_1994.pdf\">obsah ro\u010dn\u00edku<\/a><\/td><\/tr><tr><td><strong>1993<\/strong><\/td><td>XLII<\/td><td><a href=\"\/wp-content\/uploads\/Obsah-CSZM-B_1993.pdf\">obsah ro\u010dn\u00edku<\/a><\/td><\/tr><tr><td><strong>1992<\/strong><\/td><td>XLI<\/td><td><a href=\"\/wp-content\/uploads\/Obsah-CSZM-B_1992.pdf\">obsah ro\u010dn\u00edku<\/a><\/td><\/tr><tr><td><strong>1991<\/strong><\/td><td>XL<\/td><td><a href=\"\/wp-content\/uploads\/Obsah-CSZM-B_1991.pdf\">obsah ro\u010dn\u00edku<\/a><\/td><\/tr><tr><td><strong>1990<\/strong><\/td><td>XXXIX<\/td><td><a href=\"\/wp-content\/uploads\/Obsah-CSZM-B_1990.pdf\">obsah ro\u010dn\u00edku<\/a><\/td><\/tr><tr><td><strong>1989<\/strong><\/td><td>XXXVIII<\/td><td><a href=\"\/wp-content\/uploads\/Obsah-CSZM-B_1989.pdf\">obsah ro\u010dn\u00edku<\/a><\/td><\/tr><tr><td><strong>1988<\/strong><\/td><td>XXXVII<\/td><td><a href=\"\/wp-content\/uploads\/Obsah-CSZM-B_1988.pdf\">obsah ro\u010dn\u00edku<\/a><\/td><\/tr><tr><td><strong>1987<\/strong><\/td><td>XXXVI<\/td><td><a href=\"\/wp-content\/uploads\/Obsah-CSZM-B_1987.pdf\">obsah ro\u010dn\u00edku<\/a><\/td><\/tr><tr><td><strong>1986<\/strong><\/td><td>XXXV<\/td><td><a href=\"\/wp-content\/uploads\/Obsah-CSZM-B_1986.pdf\">obsah ro\u010dn\u00edku<\/a><\/td><\/tr><tr><td><strong>1985<\/strong><\/td><td>XXXIV<\/td><td><a href=\"\/wp-content\/uploads\/Obsah-CSZM-B_1985.pdf\">obsah ro\u010dn\u00edku<\/a><\/td><\/tr><tr><td><strong>1984<\/strong><\/td><td>XXXIII<\/td><td><a href=\"\/wp-content\/uploads\/Obsah-CSZM-B_1984.pdf\">obsah ro\u010dn\u00edku<\/a><\/td><\/tr><tr><td><strong>1983<\/strong><\/td><td>XXXII<\/td><td><a href=\"\/wp-content\/uploads\/Obsah-CSZM-B_1983.pdf\">obsah ro\u010dn\u00edku<\/a><\/td><\/tr><tr><td><strong>1982<\/strong><\/td><td>XXXI<\/td><td><a href=\"\/wp-content\/uploads\/Obsah-CSZM-B_1982.pdf\">obsah ro\u010dn\u00edku<\/a><\/td><\/tr><tr><td><strong>1981<\/strong><\/td><td>XXX<\/td><td><a href=\"\/wp-content\/uploads\/Obsah-CSZM-B_1981.pdf\">obsah ro\u010dn\u00edku<\/a><\/td><\/tr><tr><td><strong>1980<\/strong><\/td><td>XXIX<\/td><td><a href=\"\/wp-content\/uploads\/Obsah-CSZM-B_1980.pdf\">obsah ro\u010dn\u00edku<\/a><\/td><\/tr><tr><td><strong>1979<\/strong><\/td><td>XXVIII<\/td><td><a href=\"\/wp-content\/uploads\/Obsah-CSZM-B_1979.pdf\">obsah ro\u010dn\u00edku<\/a><\/td><\/tr><tr><td><strong>1978<\/strong><\/td><td>XXVII<\/td><td><a href=\"\/wp-content\/uploads\/Obsah-CSZM-B_1978.pdf\">obsah ro\u010dn\u00edku<\/a><\/td><\/tr><tr><td><strong>1977<\/strong><\/td><td>XXVI<\/td><td><a href=\"\/wp-content\/uploads\/Obsah-CSZM-B_1977.pdf\">obsah ro\u010dn\u00edku<\/a><\/td><\/tr><tr><td><strong>1976<\/strong><\/td><td>XXV<\/td><td><a href=\"\/wp-content\/uploads\/Obsah-CSZM-B_1976.pdf\">obsah ro\u010dn\u00edku<\/a><\/td><\/tr><tr><td><strong>1975<\/strong><\/td><td>XXIV<\/td><td><a href=\"\/wp-content\/uploads\/Obsah-CSZM-B_1975.pdf\">obsah ro\u010dn\u00edku<\/a><\/td><\/tr><tr><td><strong>1974<\/strong><\/td><td>XXIII<\/td><td><a href=\"\/wp-content\/uploads\/Obsah-CSZM-B_1974.pdf\">obsah ro\u010dn\u00edku<\/a><\/td><\/tr><tr><td><strong>1973<\/strong><\/td><td>XXII<\/td><td><a href=\"\/wp-content\/uploads\/Obsah-CSZM-B_1973.pdf\">obsah ro\u010dn\u00edku<\/a><\/td><\/tr><tr><td><strong>1972<\/strong><\/td><td>XXI<\/td><td><a href=\"\/wp-content\/uploads\/Obsah-CSZM-B_1972.pdf\">obsah ro\u010dn\u00edku<\/a><\/td><\/tr><tr><td><strong>1971<\/strong><\/td><td>XX<\/td><td><a href=\"\/wp-content\/uploads\/Obsah-CSZM-B_1971.pdf\">obsah ro\u010dn\u00edku<\/a><\/td><\/tr><tr><td><strong>1970<\/strong><\/td><td>XIX<\/td><td><a href=\"\/wp-content\/uploads\/Obsah-CSZM-B_1970.pdf\">obsah ro\u010dn\u00edku<\/a><\/td><\/tr><tr><td><strong>1969<\/strong><\/td><td>XVIII<\/td><td><a href=\"\/wp-content\/uploads\/Obsah-CSZM-B_1969.pdf\">obsah ro\u010dn\u00edku<\/a><\/td><\/tr><tr><td><strong>1968<\/strong><\/td><td>XVII<\/td><td><a href=\"\/wp-content\/uploads\/Obsah-CSZM-B_1968.pdf\">obsah ro\u010dn\u00edku<\/a><\/td><\/tr><tr><td><strong>1967<\/strong><\/td><td>XVI<\/td><td><a href=\"\/wp-content\/uploads\/Obsah-CSZM-B_1967.pdf\">obsah ro\u010dn\u00edku<\/a><\/td><\/tr><tr><td><strong>1967<\/strong><\/td><td>XV<\/td><td><a href=\"\/wp-content\/uploads\/Obsah-CSZM-B_1966.pdf\">obsah ro\u010dn\u00edku<\/a><\/td><\/tr><tr><td><strong>1965<\/strong><\/td><td>XIV<\/td><td><a href=\"\/wp-content\/uploads\/Obsah-CSZM-B_1965.pdf\">obsah ro\u010dn\u00edku<\/a><\/td><\/tr><tr><td><strong>1964<\/strong><\/td><td>XIII<\/td><td><a href=\"\/wp-content\/uploads\/Obsah-CSZM-B_1964.pdf\">obsah ro\u010dn\u00edku<\/a><\/td><\/tr><tr><td><strong>1963<\/strong><\/td><td>XII<\/td><td><a href=\"\/wp-content\/uploads\/Obsah-CSZM-B_1963.pdf\">obsah ro\u010dn\u00edku<\/a><\/td><\/tr><tr><td><strong>1962<\/strong><\/td><td>XI<\/td><td><a href=\"\/wp-content\/uploads\/Obsah-CSZM-B_1962.pdf\">obsah ro\u010dn\u00edku<\/a><\/td><\/tr><tr><td><strong>1951\u20141961<\/strong><\/td><td>I\u2014X<\/td><td><a href=\"\/wp-content\/uploads\/Rejstrik-CSZM-B_1951-1961.pdf\">obsah ro\u010dn\u00edk\u016f<\/a><\/td><\/tr><\/tbody><\/table><\/figure>\n<\/div>\n\n\n\n<div class=\"wp-block-column is-layout-flow wp-block-column-is-layout-flow\">\n<h2 class=\"wp-block-heading\">Cel\u00e1 \u010d\u00edsla v elektronick\u00e9 podob\u011b<\/h2>\n\n\n\n<figure class=\"wp-block-table archiv\"><table><tbody><tr><td><strong>2025<\/strong><\/td><td>LXXIV<\/td><td><a href=\"\/en\/2025-01\/\">\u010d\u00edslo 1<\/a> | <a href=\"\/en\/2025-02-03\/\">\u010d\u00edslo 2-3<\/a> <\/td><\/tr><tr><td><strong>2024<\/strong><\/td><td>LXXIII<\/td><td><a href=\"\/en\/2024-01-02\/\">\u010d\u00edslo 1-2<\/a> | <a href=\"\/en\/2024-03\/\">\u010d\u00edslo 3<\/a> <\/td><\/tr><tr><td><strong>2023<\/strong><\/td><td>LXXII<\/td><td><a href=\"\/en\/2023-01-02\/\">\u010d\u00edslo 1-2<\/a> | <a href=\"\/en\/2023-03\/\">\u010d\u00edslo 3<\/a><\/td><\/tr><tr><td><strong>2022<\/strong><\/td><td>LXXI<\/td><td><a href=\"\/en\/2022-01\/\">\u010d\u00edslo 1<\/a> | <a href=\"\/en\/2022-02\/\">\u010d\u00edslo 2<\/a> | <a href=\"\/en\/2022-03\/\">\u010d\u00edslo 3<\/a><\/td><\/tr><tr><td><strong>2021<\/strong><\/td><td>LXX<\/td><td><a href=\"\/en\/2021-01\/\">\u010d\u00edslo 1<\/a> | <a href=\"\/en\/2021-02-03\/\">\u010d\u00edslo 2-3<\/a>  <\/td><\/tr><tr><td><strong>2020<\/strong><\/td><td>LXIX<\/td><td><a href=\"\/en\/2020-01\/\">\u010d\u00edslo 1<\/a> | <a href=\"\/en\/2020-02\/\">\u010d\u00edslo 2<\/a> | <a href=\"\/en\/2020-03\/\">\u010d\u00edslo 3<\/a><\/td><\/tr><tr><td><strong>2019<\/strong><\/td><td>LXVIII<\/td><td><a href=\"\/en\/2019-01\/\">\u010d\u00edslo 1<\/a> | <a href=\"\/en\/2019-02\/\">\u010d\u00edslo 2<\/a> | <a href=\"\/en\/2019-03\/\">\u010d\u00edslo 3<\/a><\/td><\/tr><tr><td><strong>2018<\/strong><\/td><td>LXVII<\/td><td><a href=\"\/wp-content\/uploads\/2018-01-03.pdf\">\u010d\u00edslo 1-3<\/a><\/td><\/tr><tr><td><strong>2017<\/strong><\/td><td>LXVI<\/td><td><a href=\"\/wp-content\/uploads\/2017-01-02.pdf\">\u010d\u00edslo 1-2<\/a> | <a href=\"\/wp-content\/uploads\/2017-03.pdf\">\u010d\u00edslo 3<\/a><\/td><\/tr><tr><td><strong>2016<\/strong><\/td><td>LXV<\/td><td><a href=\"\/wp-content\/uploads\/2016-01.pdf\">\u010d\u00edslo 1<\/a> | <a href=\"\/wp-content\/uploads\/2016-02.pdf\">\u010d\u00edslo 2<\/a> | <a href=\"\/wp-content\/uploads\/2016-03.pdf\">\u010d\u00edslo 3<\/a><\/td><\/tr><tr><td><strong>2015<\/strong><\/td><td>LXIV<\/td><td><a href=\"\/wp-content\/uploads\/2015-01.pdf\">\u010d\u00edslo 1<\/a> | <a href=\"\/wp-content\/uploads\/2015-02.pdf\">\u010d\u00edslo 2<\/a> | <a href=\"\/wp-content\/uploads\/2015-03.pdf\">\u010d\u00edslo 3<\/a><\/td><\/tr><tr><td><strong>2014<\/strong><\/td><td>LXIII<\/td><td><a href=\"\/wp-content\/uploads\/2014-01.pdf\">\u010d\u00edslo 1<\/a> | <a href=\"\/wp-content\/uploads\/2014-02.pdf\">\u010d\u00edslo 2<\/a> | <a href=\"\/wp-content\/uploads\/2014-03.pdf\">\u010d\u00edslo 3<\/a><\/td><\/tr><tr><td><strong>2013<\/strong><\/td><td>LXII<\/td><td><a href=\"\/wp-content\/uploads\/2013-01.pdf\">\u010d\u00edslo 1<\/a> | <a href=\"\/wp-content\/uploads\/2013-02-03.pdf\">\u010d\u00edslo 2-3<\/a><\/td><\/tr><tr><td><strong>2012<\/strong><\/td><td>LXI<\/td><td><a href=\"\/wp-content\/uploads\/2012-01.pdf\">\u010d\u00edslo 1<\/a> | <a href=\"\/wp-content\/uploads\/2012-02.pdf\">\u010d\u00edslo 2<\/a> | <a href=\"\/wp-content\/uploads\/2012-03.pdf\">\u010d\u00edslo 3<\/a><\/td><\/tr><tr><td><strong>2011<\/strong><\/td><td>LX<\/td><td><a href=\"\/wp-content\/uploads\/2011-01.pdf\">\u010d\u00edslo 1<\/a> | <a href=\"\/wp-content\/uploads\/2011-02.pdf\">\u010d\u00edslo 2<\/a> | <a href=\"\/wp-content\/uploads\/2011-03.pdf\">\u010d\u00edslo 3<\/a><\/td><\/tr><\/tbody><\/table><\/figure>\n<\/div>\n<\/div>","protected":false},"excerpt":{"rendered":"<p>Obsahy ro\u010dn\u00edk\u016f 2025 LXXIV \u010d\u00edslo 1 | \u010d\u00edslo 2-3 2024 LXXIII \u010d\u00edslo 1-2 | \u010d\u00edslo 3 2023 LXXII \u010d\u00edslo 1-2 | \u010d\u00edslo 3 2022 LXXI \u010d\u00edslo 1 | \u010d\u00edslo 2 | \u010d\u00edslo 3 2021 LXX \u010d\u00edslo 1 | \u010d\u00edslo 2-3 2020 LXIX \u010d\u00edslo 1 | \u010d\u00edslo 2 | \u010d\u00edslo 3 2019 LXVIII \u010d\u00edslo 1 |&hellip; <a class=\"more-link\" href=\"https:\/\/cszmb.cz\/en\/archiv\/\">Continue reading <span class=\"screen-reader-text\">Archive<\/span><\/a><\/p>","protected":false},"author":1,"featured_media":0,"parent":0,"menu_order":0,"comment_status":"closed","ping_status":"closed","template":"","meta":{"footnotes":""},"class_list":["post-30","page","type-page","status-publish","hentry","entry"],"_links":{"self":[{"href":"https:\/\/cszmb.cz\/en\/wp-json\/wp\/v2\/pages\/30","targetHints":{"allow":["GET"]}}],"collection":[{"href":"https:\/\/cszmb.cz\/en\/wp-json\/wp\/v2\/pages"}],"about":[{"href":"https:\/\/cszmb.cz\/en\/wp-json\/wp\/v2\/types\/page"}],"author":[{"embeddable":true,"href":"https:\/\/cszmb.cz\/en\/wp-json\/wp\/v2\/users\/1"}],"replies":[{"embeddable":true,"href":"https:\/\/cszmb.cz\/en\/wp-json\/wp\/v2\/comments?post=30"}],"version-history":[{"count":34,"href":"https:\/\/cszmb.cz\/en\/wp-json\/wp\/v2\/pages\/30\/revisions"}],"predecessor-version":[{"id":796,"href":"https:\/\/cszmb.cz\/en\/wp-json\/wp\/v2\/pages\/30\/revisions\/796"}],"wp:attachment":[{"href":"https:\/\/cszmb.cz\/en\/wp-json\/wp\/v2\/media?parent=30"}],"curies":[{"name":"wp","href":"https:\/\/api.w.org\/{rel}","templated":true}]}}