{"id":27,"date":"2021-09-29T12:38:00","date_gmt":"2021-09-29T10:38:00","guid":{"rendered":"https:\/\/cszmb.cz\/?page_id=27"},"modified":"2021-11-06T12:58:40","modified_gmt":"2021-11-06T11:58:40","slug":"pro-autory","status":"publish","type":"page","link":"https:\/\/cszmb.cz\/en\/pro-autory\/","title":{"rendered":"For authors"},"content":{"rendered":"<h2 class=\"has-text-align-left wp-block-heading\">Submission Guidliness for Authors<\/h2>\n\n\n\n<p>Redakce pros\u00ed autorky a autory, aby se p\u0159i koncipov\u00e1n\u00ed sv\u00fdch p\u0159\u00edsp\u011bvk\u016f dr\u017eely n\u00e1sledn\u00fdch cita\u010dn\u00edch pokyn\u016f:<\/p>\n\n\n\n<ul class=\"has-text-align-left wp-block-list\"><li>Sv\u00e9 p\u0159\u00edsp\u011bvky zas\u00edlejte e-mailovou po\u0161tou jako elektronick\u00e9 soubory s p\u0159\u00edlohou .doc, .docx, \u010di .rtf.<\/li><li>Zpracov\u00e1n\u00ed obr\u00e1zk\u016f, graf\u016f a mapek projednejte, pros\u00edm, p\u0159edem s redakc\u00ed.<\/li><li>Obr\u00e1zky, grafy a mapky p\u0159ikl\u00e1dejte pros\u00edm ve zvl\u00e1\u0161tn\u00edm souboru, nikdy ne v textu.<\/li><li>K \u010dl\u00e1nku mus\u00ed b\u00fdt p\u0159ilo\u017eeno anglick\u00e9 resum\u00e9 o maxim\u00e1ln\u00ed d\u00e9lce jedn\u00e9 normostrany (30 \u0159\u00e1dk\u016f po 60 \u00fahozech = 1800 tiskov\u00fdch znak\u016f s mezerami), resp. \u010desk\u00fd podklad pro p\u0159eklad do anglick\u00e9ho jazyka.<\/li><li>K \u010dl\u00e1nku mus\u00ed b\u00fdt p\u0159ilo\u017een anglick\u00fd abstrakt, resp. \u010desk\u00fd podklad pro p\u0159eklad do anglick\u00e9ho jazyka. (o max. d\u00e9lce poloviny normostrany).<\/li><li>K \u010dl\u00e1nku mus\u00ed b\u00fdt p\u0159ilo\u017eena anglick\u00e1 kl\u00ed\u010dov\u00e1 slova, resp. podklad pro p\u0159eklad do anglick\u00e9ho jazyka.<\/li><li>Pozn\u00e1mky v textu vkl\u00e1dejte pomoc\u00ed p\u0159\u00edkaz\u016f Vlo\u017eit a Pozn\u00e1mka pod \u010darou, \u010d\u00edm\u017e budou \u010d\u00edsla pozn\u00e1mek v textu i pod \u010darou automaticky za\u0159azena v podob\u011b horn\u00edho indexu.<\/li><li>Pozn\u00e1mky vkl\u00e1dejte v\u017edy za interpunkci!<\/li><li>V textu rozepisujte slovy \u010d\u00edsla od 1 do 9, \u010d\u00edsla dvojm\u00edstn\u00e1 a v\u00edcem\u00edstn\u00e1 pi\u0161te \u010d\u00edslicemi.<\/li><li>Uvozovky pou\u017e\u00edvejte v n\u00e1sleduj\u00edc\u00ed podob\u011b: \u201e\u201c<\/li><li>Po po\u010d\u00e1te\u010dn\u00ed a p\u0159ed z\u00e1v\u011bre\u010dnou z\u00e1vorkou ned\u011blejte odklep.<\/li><li>V rozmez\u00ed letopo\u010dt\u016f se tak\u00e9 ned\u011blaj\u00ed odklepy a poml\u010dky. Spr\u00e1vn\u00e1 varianta: 1230\u20131253.<\/li><\/ul>\n\n\n\n<div style=\"height:30px\" aria-hidden=\"true\" class=\"wp-block-spacer\"><\/div>\n\n\n\n<p class=\"has-text-align-left\">P\u0159\u00edklady citac\u00ed:<\/p>\n\n\n\n<ol class=\"has-text-align-left wp-block-list\"><li><strong>Kni\u017en\u00ed publikace<br><\/strong>Jaroslav KUDRNA, <em>Materi\u00e1ly k n\u011bmeck\u00fdch d\u011bjin\u00e1m<\/em>, Brno 1987, s. 230.<br>Ivan HLAV\u00c1\u010cEK \u2013 Jaroslav KA\u0160PAR \u2013 Rostislav NOV\u00dd, <em>Vademecum pomocn\u00fdch v\u011bd historick\u00fdch<\/em>, Praha 1985, s. 250.<\/li><li><strong>Editovan\u00e9 publikace (edice i sborn\u00edky, atp.)<br><\/strong>Zkratky:<br>ed. (jednotn\u00e9 \u010d\u00edslo), resp. edd. (mno\u017en\u00e9 \u010d\u00edslo)<br>Karel DOSKO\u010cIL (ed.), <em>Bern\u00ed rula, 2. Popis \u010cech r. 1564<\/em>, Praha 1954.<br>Enea SILVIO, <em>Historia Bohemica \u2013 Historie \u010desk\u00e1<\/em>. Edd. Dana MART\u00cdNKOV\u00c1, Alena HADRAVOV\u00c1 a Ji\u0159\u00ed MATL, Praha 1998.<\/li><li><strong>Studie ve sborn\u00edc\u00edch<\/strong><br>Jaroslav MEZN\u00cdK, <em>V nouzi pozn\u00e1\u0161 p\u0159\u00edtele<\/em>, in: M. Nodl \u2013 P.Sommer \u2013 E. Dole\u017ealov\u00e1 (edd.), Verba in imaginibus.<br>Franti\u0161ku \u0160mahelovi k 70. narozenin\u00e1m, Praha 2004, s. 15\u201318.<\/li><li><strong>\u010cl\u00e1nky v \u010dasopisech<\/strong><br>Karel CHOTEK, <em>V\u00fdznam n\u00e1rodopisu ve spolupr\u00e1ci s ostatn\u00edmi v\u011bdami historick\u00fdmi<\/em>, \u010cesk\u00fd lid (d\u00e1le \u010cL) 53, 1966, s. 271\u2013291.<br>Josef NOVOTN\u00dd, <em>O citac\u00edch archivn\u00edch pramen\u016f, Sborn\u00edk archivn\u00edch prac\u00ed<\/em> (d\u00e1le SAP) 10\/3, 1965, s. 156\u2013178.<\/li><li><strong>\u010cl\u00e1nky v novin\u00e1ch<\/strong><br>Jan NERUDA, <em>Jak jsem psal Malostransk\u00e9 pov\u00eddky<\/em>, Lidov\u00e9 noviny 5\/47, 14. 9. 1897, s. 3.<\/li><li><strong>Reviews<\/strong><br>Zden\u011bk HOJDA (rec.), <em>Die Matrikeln der Universit\u00e4t Graz, Band 1 (1586\u20131630), berab. von Johann Andritsch, Graz 1977<\/em>, 434 s., in: AUC\u2013HUCP 21\/2, 1981, s. 94\u201395.<br>Ji\u0159\u00ed PE\u0160EK (rec.), <em>Julian Dybiec, Universytet Jagiello\u0144ski 1918\u20131939, PAU Krak\u00f3w 2000<\/em>, 759 s., in: AUC\u2013HUCP 43\/1\u20132, 2003, s. 304\u2013305.<\/li><li><strong>Archivn\u00ed materi\u00e1ly<\/strong><br>Nejprve n\u00e1zev a m\u00edsto archivu, pak n\u00e1zev fondu a bli\u017e\u0161\u00ed ur\u010den\u00ed pramene.<br>Archiv Akademie v\u011bd \u010cR (d\u00e1le AAV), fond Lubor Niederle, kart. 1, inv. \u010d. 12.<\/li><li><strong>Opakovan\u00e9 citace<\/strong><br>J. KUDRNA, <em>Materi\u00e1ly<\/em>, s. 254.<br>K. CHOTEK, <em>V\u00fdznam n\u00e1rodopisu<\/em>, s. 280.<br>AAV, f. Lubor Niederle, kart. 2, inv. \u010d. 30.<\/li><\/ol>\n\n\n\n<div style=\"height:50px\" aria-hidden=\"true\" class=\"wp-block-spacer\"><\/div>\n\n\n\n<h2 class=\"has-text-align-right wp-block-heading\" id=\"recenznirizeni\">Review procedure<\/h2>\n\n\n\n<p class=\"has-text-align-right\">All scientific studies or material studies are subject to mutually anonymous review procedure. The reviewer fills in a standard form, possibly supplies also oral evaluation and comments, signs it and sends to the Managing Director. The review procedure may have two rounds at the most; then the editorial board decides. Each scientific study is assessed by at least two reviewers; in case of material study one review is sufficient. On the basis of the review procedure, the board accepts the text, returns it for overworking or rejects it completely. The authors of the texts are informed about the result of the review procedure in writing (via email); they are also provided with the reviews. The condition for publishing any text is the compliance with requirements of the reviewers and formal standards of the Journal. Editorial board decides on publishing information in the chronicle, reviews and annotations.<\/p>\n\n\n\n<div style=\"height:50px\" aria-hidden=\"true\" class=\"wp-block-spacer\"><\/div>\n\n\n\n<h2 class=\"has-text-align-left wp-block-heading\" id=\"publikacnietika\">Publika\u010dn\u00ed etika \u010dasopisu<\/h2>\n\n\n\n<p class=\"has-text-align-left\">Principles of publishing in the journal \u010casopis Slezsk\u00e9ho zemsk\u00e9ho muzea, S\u00e9rie B \u2013 v\u011bdy historick\u00e9  are applied in accordance with the code of ethics of publishing experience, which is defined and anchored by international forum Publication Ethics Committee (COPE).<\/p>\n\n\n\n<ol class=\"has-text-align-left wp-block-list\"><li>All manuscripts are reviewed anonymous based on their content without regard for age, gender, confession, rase\/ethnicity, country of origin or sexual and political orientation of the authors. All manuscripts submitted for peer-review are kept strictly confidential. The Academic Board (editorial staff) of the journal must not disclose any information about a submitted manuscript to anyone other than the corresponding author or reviewers (as well as potential ones). Information and ideas gained through peer review must be kept confidential and not used for personal advantage.<\/li><li>Submitted manuscripts must not have been published elsewhere. Submitting the same manuscript to more than one journal contemporaneously constitutes unethical publishing behaviour and is unacceptable.<\/li><li>The authors agree that the submitted text is authentic and original work, has not been published yet in any form. If the text has already been published prior to administration, the author is required to fundamentally remake or complete it. The revised or amended text has to include a link to the original paper, justificiation of changes and the expression of advance in knowledge.<\/li><li>The authors have to strictly and properly confess their sources (articles\/books\/ideas of other authors, historical sources) that have been influential of the reported work. Plagiarism or use of untrusted source sis unacceptable.<\/li><li>Authors are responsible for the correct specification of all co-authors. The editorial staff refuse any form of so called ghostwriting or guest \/ honorary authorship.<\/li><li>The authors are responsible for the correctness and accuracy of the data. This applies to professional affiliation (workplace, email contact), personal data as well as sources of financial support and information about the project of which the contribution was made.<\/li><li>The content of the text must be consisent with the character, focus and mission of the journal.<\/li><li>Within the creating of text, authors are obliged to respect the guidelines for authors, established by editorial staff, concerning the quality, intention and technical norms of paper.<\/li><li>The quality of the text must meet the standards and level of scientific work.<\/li><li>If authors find out any irregularities or serious misconduct in the text, they should inform the Academic board regardless the phase to the peer review process and correct mistakes.<\/li><li>Authors are required to edit their text according to reviewers' opinions and send it to the managing editor until the deadline with the cover letter including the description of changes. If they do not agree with the point of view of reviewers, their reasons have to be stated in the cover letter. The Academic board in collaboration with reviewers will consider the relevance of mentioned arguments and the need of potential revision of the text.<\/li><li>The Editor in Chief is responsible for deciding which of the articles submitted to the journal should be published. He follows the reviewers? recommendations and consults and informs the Academic Board of his decision.<\/li><\/ol>","protected":false},"excerpt":{"rendered":"<p>Pokyny pro autory Redakce pros\u00ed autorky a autory, aby se p\u0159i koncipov\u00e1n\u00ed sv\u00fdch p\u0159\u00edsp\u011bvk\u016f dr\u017eely n\u00e1sledn\u00fdch cita\u010dn\u00edch pokyn\u016f: Sv\u00e9 p\u0159\u00edsp\u011bvky zas\u00edlejte e-mailovou po\u0161tou jako elektronick\u00e9 soubory s p\u0159\u00edlohou .doc, .docx, \u010di .rtf. Zpracov\u00e1n\u00ed obr\u00e1zk\u016f, graf\u016f a mapek projednejte, pros\u00edm, p\u0159edem s redakc\u00ed. Obr\u00e1zky, grafy a mapky p\u0159ikl\u00e1dejte pros\u00edm ve zvl\u00e1\u0161tn\u00edm souboru, nikdy ne v textu.&hellip; <a class=\"more-link\" href=\"https:\/\/cszmb.cz\/en\/pro-autory\/\">Continue reading <span class=\"screen-reader-text\">For authors<\/span><\/a><\/p>","protected":false},"author":1,"featured_media":0,"parent":0,"menu_order":0,"comment_status":"closed","ping_status":"closed","template":"","meta":{"footnotes":""},"class_list":["post-27","page","type-page","status-publish","hentry","entry"],"_links":{"self":[{"href":"https:\/\/cszmb.cz\/en\/wp-json\/wp\/v2\/pages\/27","targetHints":{"allow":["GET"]}}],"collection":[{"href":"https:\/\/cszmb.cz\/en\/wp-json\/wp\/v2\/pages"}],"about":[{"href":"https:\/\/cszmb.cz\/en\/wp-json\/wp\/v2\/types\/page"}],"author":[{"embeddable":true,"href":"https:\/\/cszmb.cz\/en\/wp-json\/wp\/v2\/users\/1"}],"replies":[{"embeddable":true,"href":"https:\/\/cszmb.cz\/en\/wp-json\/wp\/v2\/comments?post=27"}],"version-history":[{"count":13,"href":"https:\/\/cszmb.cz\/en\/wp-json\/wp\/v2\/pages\/27\/revisions"}],"predecessor-version":[{"id":470,"href":"https:\/\/cszmb.cz\/en\/wp-json\/wp\/v2\/pages\/27\/revisions\/470"}],"wp:attachment":[{"href":"https:\/\/cszmb.cz\/en\/wp-json\/wp\/v2\/media?parent=27"}],"curies":[{"name":"wp","href":"https:\/\/api.w.org\/{rel}","templated":true}]}}