{"id":23,"date":"2021-09-29T12:37:16","date_gmt":"2021-09-29T10:37:16","guid":{"rendered":"https:\/\/cszmb.cz\/?page_id=23"},"modified":"2025-10-09T12:05:12","modified_gmt":"2025-10-09T10:05:12","slug":"o-casopisu","status":"publish","type":"page","link":"https:\/\/cszmb.cz\/en\/","title":{"rendered":"About"},"content":{"rendered":"<h2 class=\"has-text-align-left wp-block-heading\">PROFESSIONAL PROFILE AND MISSION OF THE JOURNAL<\/h2>\n\n\n\n<p class=\"has-text-align-left\">The professional and scientific content is based on the socially-scientific disciplines represented at the institution, i.e. archaeology, history, history of arts, numismatics, ethnography, musicology, theatre history, history of literature and museology. There is no special archive journal published within the Czech Silesia region, thus also archive themes are presented in the Journal. Studies of interdisciplinary character presenting a wide spectrum of research interests of local as well as foreign researchers and scientific workers of the Silesian Museum in Opava have also been published in the course of the Journal's history. The Journal publishes primarily original scientific studies and material works based on regional sources. The review column designated for topical news related to the Journal's concept has become an integral part of the Journal.<\/p>\n\n\n\n<div style=\"height:50px\" aria-hidden=\"true\" class=\"wp-block-spacer\"><\/div>\n\n\n\n<h2 class=\"has-text-align-right wp-block-heading\" id=\"rubriky\">Sections<\/h2>\n\n\n\n<p class=\"has-text-align-right\"><strong>Articles<\/strong> (going through review procedure)<br><strong>Material Studies<\/strong> (going through review procedure)<br><strong>Anniversaries<\/strong><br><strong>Reviews<\/strong><br><strong>Chronicle<\/strong><\/p>\n\n\n\n<div style=\"height:50px\" aria-hidden=\"true\" class=\"wp-block-spacer\"><\/div>\n\n\n\n<h2 class=\"wp-block-heading\" id=\"redakce\">Editorial Board<\/h2>\n\n\n\n<p class=\"has-text-align-left\"><em>Vedouc\u00ed redaktor<br><\/em><strong>Prof. PhDr. Pavel \u0160op\u00e1k, Ph.D.<br><\/strong>sopak(at)szm.cz<br>Slezsk\u00e9 zemsk\u00e9 muzeum<br>Ostravsk\u00e1 univerzita<br>Vysok\u00e9 u\u010den\u00ed technick\u00e9 v Brn\u011b<br><br><em>V\u00fdkonn\u00fd redaktor<br><\/em><strong>Mgr. Ivana Kol\u00e1\u0159ov\u00e1<br><\/strong>e-mail: cszmb(at)szm.cz<br>tel.: +420 734 751 098<br>Slezsk\u00e9 zemsk\u00e9 muzeum<br><br><em>\u010clenov\u00e9 redak\u010dn\u00ed rady<br><\/em><strong>PhDr. Pavel Dou\u0161a, Ph.D.<br><\/strong>N\u00e1rodn\u00ed zem\u011bd\u011blsk\u00e9 muzeum, Muzeum \u010desk\u00e9ho venkova \u2013 z\u00e1mek Ka\u010dina<br><br><strong>PhDr. Radim Je\u017e, Ph.D.<br><\/strong>Muzeum T\u011b\u0161\u00ednska<br><br><strong>Dr. Stefanie Jost<br><\/strong>Bundesarchiv Berlin<br><br><strong>Doc. Mgr. Otakar Kirsch, Ph.D.<br><\/strong>Masarykova univerzita v Brn\u011b<br><br><strong>Mgr. Ond\u0159ej Kol\u00e1\u0159, Ph.D.<br><\/strong>Slezsk\u00e9 zemsk\u00e9 muzeum<br><br><strong>Doc. PhDr. Pavel Kou\u0159il, CSc.<br><\/strong>Archeologick\u00fd \u00fastav AV\u010cR Brno, v.v.i.<br><br><strong>Mgr. Zden\u011bk Kravar, Ph.D.<br><\/strong>Zemsk\u00fd archiv v Opav\u011b<br><br><strong>Mgr. Martin Martin\u010d\u00e1k<br><\/strong>Institut za pomorskou ba\u0161tinu ARS NAUTICA<br><br><strong>Mgr. Ilona Matejko-Peterka, Ph.D.<br><\/strong>Slezsk\u00e1 univerzita v Opav\u011b<br>Slezsk\u00e9 zemsk\u00e9 muzeum<br><br><strong>PhDr. Karel M\u00fcller<br><\/strong>Zemsk\u00fd archiv v Opav\u011b<br><br><strong>Doc. PhDr. Martin Pila\u0159, Ph.D.<br><\/strong>Ostravsk\u00e1 univerzita<br><br><strong>Prof. PhDr. Andrea Pokludov\u00e1, Ph.D.<br><\/strong>Ostravsk\u00e1 univerzita<br><br><strong>Doc. PhDr. Petr Popelka, Ph.D.<br><\/strong>Ostravsk\u00e1 univerzita<br><br><strong>PhDr. Dalibor Prix, CSc.<\/strong><br>\u00dastav d\u011bjin um\u011bn\u00edm \u010cR, v.v.i.<br><br><strong>Doc. PhDr. Ji\u0159\u00ed \u0160tefanides, Ph.D.<br><\/strong>Slezsk\u00e9 zemsk\u00e9m muzeum<br><br><strong>Prof. PhDr. Pavol Ti\u0161liar, Ph.D.<br><\/strong>Univerzita Komensk\u00e9ho Bratislava<br><br><strong>Dr. Miros\u0142aw W\u0119cki<br><\/strong>Uniwersytet \u015al\u0105ski w Katowicach<br><br><strong>Prof. PhDr. Ale\u0161 Z\u00e1\u0159ick\u00fd, Ph.D.<br><\/strong>Ostravsk\u00e1 univerzita<\/p>","protected":false},"excerpt":{"rendered":"<p>ODBORN\u00dd PROFIL A POSL\u00c1N\u00cd \u010cASOPISU Odborn\u00e1 a v\u011bdeck\u00e1 n\u00e1pl\u0148 vych\u00e1z\u00ed p\u0159edev\u0161\u00edm ze spole\u010denskov\u011bdn\u00edch discipl\u00edn, zastoupen\u00fdch v organizaci, tedy archeologie, historie, um\u011bleck\u00e9 historie, numismatiky, etnografie, muzikologie, d\u011bjin divadla, d\u011bjin literatury a muzeologie. Na str\u00e1nk\u00e1ch \u010dasopisu se prezentuje tak\u00e9 archivn\u00ed tematika, proto\u017ee na \u00fazem\u00ed \u010desk\u00e9ho Slezska speci\u00e1ln\u00ed archivn\u00ed \u010dasopis nevych\u00e1z\u00ed. V pr\u016fb\u011bhu existence \u010dasopisu zde ov\u0161em byly&hellip; <a class=\"more-link\" href=\"https:\/\/cszmb.cz\/en\/\">Continue reading <span class=\"screen-reader-text\">About<\/span><\/a><\/p>","protected":false},"author":1,"featured_media":0,"parent":0,"menu_order":0,"comment_status":"closed","ping_status":"closed","template":"","meta":{"footnotes":""},"class_list":["post-23","page","type-page","status-publish","hentry","entry"],"_links":{"self":[{"href":"https:\/\/cszmb.cz\/en\/wp-json\/wp\/v2\/pages\/23","targetHints":{"allow":["GET"]}}],"collection":[{"href":"https:\/\/cszmb.cz\/en\/wp-json\/wp\/v2\/pages"}],"about":[{"href":"https:\/\/cszmb.cz\/en\/wp-json\/wp\/v2\/types\/page"}],"author":[{"embeddable":true,"href":"https:\/\/cszmb.cz\/en\/wp-json\/wp\/v2\/users\/1"}],"replies":[{"embeddable":true,"href":"https:\/\/cszmb.cz\/en\/wp-json\/wp\/v2\/comments?post=23"}],"version-history":[{"count":11,"href":"https:\/\/cszmb.cz\/en\/wp-json\/wp\/v2\/pages\/23\/revisions"}],"predecessor-version":[{"id":764,"href":"https:\/\/cszmb.cz\/en\/wp-json\/wp\/v2\/pages\/23\/revisions\/764"}],"wp:attachment":[{"href":"https:\/\/cszmb.cz\/en\/wp-json\/wp\/v2\/media?parent=23"}],"curies":[{"name":"wp","href":"https:\/\/api.w.org\/{rel}","templated":true}]}}