{"id":215,"date":"2021-10-17T22:12:47","date_gmt":"2021-10-17T20:12:47","guid":{"rendered":"https:\/\/cszmb.cz\/?page_id=215"},"modified":"2021-11-06T14:02:56","modified_gmt":"2021-11-06T13:02:56","slug":"2020-01","status":"publish","type":"page","link":"https:\/\/cszmb.cz\/en\/2020-01\/","title":{"rendered":"2020-01"},"content":{"rendered":"<h1 class=\"has-text-align-right wp-block-heading\">\u010cASOPIS SZM, s\u00e9rie B \u2013 V\u011aDY HISTORICK\u00c9 LXIX \/ 1 \/ 2020<\/h1>\n\n\n\n<h2 class=\"wp-block-heading\"><a href=\"\/wp-content\/uploads\/CSZMB_1_2020_1.pdf\">P\u0159\u00edsp\u011bvek k historii farnosti \u0160ilhe\u0159ovice na Opavsku do po\u010d\u00e1tku 18. stolet\u00ed<\/a><\/h2>\n\n\n\n<h3 class=\"wp-block-heading\">A paper on the history of the parish of \u0160ilhe\u0159ovice in the Opava region until the beginning of the 18th century<\/h3>\n\n\n\n<h4 class=\"wp-block-heading\">Marek Skupien<\/h4>\n\n\n\n<h5 class=\"wp-block-heading\">The study tries to briefly present the history of the Catholic parish at the Church of the Assumption of the Virgin Mary in Ha\u0165 in the Opava region, roughly until the beginning of the 18th century. At that time, thanks to the patron, i.e. the Jesuit College in Opava, a new brick Baroque church was built in \u0160ilhe\u0159ovice, which has survived to this day after numerous repairs and conversions. The paper is based primarily on the study of sources. The author focused mainly on capturing the earliest mentions of the parish, the reconstruction of the history of the parish during and after the Thirty Years\u2019 War, the \u0160ilhe\u0159ovice churches and their contents, the extent of the parish district and the position of the parish in the context of church administration development.<\/h5>\n\n\n\n<h2 class=\"wp-block-heading\"><a href=\"\/wp-content\/uploads\/CSZMB_1_2020_2.pdf\">Proskovsk\u00e1 kamenina ve sb\u00edrce v\u00fdtvarn\u00e9ho um\u011bn\u00ed Slezsk\u00e9ho zemsk\u00e9ho muzea<\/a><\/h2>\n\n\n\n<h3 class=\"wp-block-heading\">Proskau Pottery as part of the Silesian Museum visual arts collection<\/h3>\n\n\n\n<h4 class=\"wp-block-heading\">Denisa Hradilov\u00e1<\/h4>\n\n\n\n<h5 class=\"wp-block-heading\">The study deals with a small group of earthenware items coming from the faience and earthenware manufacture in Proskau (1764\u20121853) in Upper Silesia, found in the collection of Fine Arts of the Silesian Museum in Opava. The article presents the main facts about earthenware and, then, it focuses on each earthenware object from Proskau in the Silesian Museum.<\/h5>\n\n\n\n<h2 class=\"wp-block-heading\"><a href=\"\/wp-content\/uploads\/CSZMB_1_2020_3.pdf\">S\u0148ate\u010dnost obyvatelstva Jablunkovska v \u201edlouh\u00e9m\u201c 19. stolet\u00ed II.<\/a><\/h2>\n\n\n\n<h3 class=\"wp-block-heading\">Nuptiality of the population of the region of Jablunkov in the \u201clong\u201d 19th century<\/h3>\n\n\n\n<h4 class=\"wp-block-heading\">Luk\u00e1\u0161 Turo\u0148<\/h4>\n\n\n\n<h5 class=\"wp-block-heading\">The main objective of this study is a description of nuptiality of the population of the region of Jablunkov during the Industrial Revolution. The work presents the development of nuptiality between 1791 and 1910. This study is based on historical demographic research on nuptiality grounded on statistical processing of church marriage registers. When working with the registers, excerption method was used, which consists of rewriting the individual entries into the pre-printed sheets as they follow in the register, wherein a new sheet is created for each year. By using the agreed signs and abbreviations, a duplicate of the register is then created, which is, however, clear and free of all redundancies. An aggregate method was also used to collect monthly or annual totals of marriages, births and deaths, and these data are monitored in long time series. This allows large population groups to be processed for very long periods of time. It is possible to detect deviations in the number of phenomena observed, to classify the totals by age or, in case of knowledge of the population of the area surveyed, also to evaluate gross rates of marriages, births and mortality. Using this method, we can get a basic idea of population development of a particular area. The region of Jablunkov was located in a region where agriculture played a substantial economic role throughout the 19th century, and, from the second half of the 19th century, heavy industry began to gradually develop, led by T\u0159ineck\u00e9 \u017delez\u00e1rny (ironworks), the Ko\u0161ice-Bohum\u00edn Railway and the more distant Ostrava-Karvin\u00e1 Coal Mining District and the V\u00edtkovice Ironworks. This economic situation also affected the livelihood and living standard of the region of Jablunkov population especially from the turn of the 19th and 20th centuries; they were just the effects of economic booms or crises, along with war conflicts or epidemics, that had a major impact on the development of nuptiality.<\/h5>\n\n\n\n<h2 class=\"wp-block-heading\"><a href=\"\/wp-content\/uploads\/CSZMB_1_2020_4.pdf\">Lid\u00e9 a politika: Srpen 1968 a n\u00e1sledky posrpnov\u00e9ho v\u00fdvoje v podniku St\u00e1tn\u00ed lesy (severomoravsk\u00e9 st\u00e1tn\u00ed lesy) v Krnov\u011b II. <\/a><\/h2>\n\n\n\n<h3 class=\"wp-block-heading\">People and Politics: August 1968 and the consequences of the post-August development in the company St\u00e1tn\u00ed lesy (state forests) in Krnov (North-Moravian state forests)<\/h3>\n\n\n\n<h4 class=\"wp-block-heading\">Marta \u0160op\u00e1kov\u00e1<\/h4>\n\n\n\n<h5 class=\"wp-block-heading\">The second part of the study, which describes the situation in the company St\u00e1tn\u00ed lesy (state forests) in Krnov (North-Moravian state forests) in the period from 1968 to 1970, deals with the consequences of the political events of August 1968 on the operation of the company and the fate of its employees. It is a follow-up of the first part of the text, which was dedicated to the situation in the company in the period from 1967 to 1968 and the beginnings of the normalization process at the turn of the years of 1968 and 1969.<\/h5>\n\n\n\n<h2 class=\"wp-block-heading\"><a href=\"\/wp-content\/uploads\/CSZMB_1_2020_5.pdf\">Material Studies<\/a><\/h2>\n\n\n\n<h3 class=\"wp-block-heading\">Memo\u00e1ry Jana Rohla jako pramen ke ka\u017edodennosti moravsko-slezsk\u00e9ho pomez\u00ed des\u00e1t\u00fdch a dvac\u00e1t\u00fdch let 20. stolet\u00ed <em>(Ond\u0159ej Kol\u00e1\u0159)<\/em><\/h3>\n\n\n\n<h2 class=\"wp-block-heading\"><a href=\"\/wp-content\/uploads\/CSZMB_1_2020_6.pdf\">Anniversaries<\/a><\/h2>\n\n\n\n<h3 class=\"wp-block-heading\">Neslavn\u00e1 bilance neoslaven\u00e9ho v\u00fdro\u010d\u00ed: 75 let od konce druh\u00e9 sv\u011btov\u00e9 v\u00e1lky v Evrop\u011b a \u201erepolitizace\u201c kolektivn\u00ed pam\u011bti <em>(Ond\u0159ej Kol\u00e1\u0159)<\/em><\/h3>\n\n\n\n<h2 class=\"wp-block-heading\"><a href=\"\/wp-content\/uploads\/CSZMB_1_2020_7.pdf\">Reviews<\/a><\/h2>\n\n\n\n<h3 class=\"wp-block-heading\">Igor HORNI\u0160ER, Mezi orlem a orlic\u00ed. Brunt\u00e1lsko 1914\u20131938, Brunt\u00e1l 2018, 126 s. <em>(Vojt\u011bch Kessler)<\/em><\/h3>\n\n\n\n<h3 class=\"wp-block-heading\">Robert BORSKI \u2013 Stanislav KUPIEC, Hr\u00e1dek \u2013 Gr\u00f3dek, Vendryn\u011b 2018, 259 s. <em>(Luk\u00e1\u0161 Turo\u0148)<\/em><\/h3>\n\n\n\n<h3 class=\"wp-block-heading\">Zuzana MIKULOV\u00c1, N\u00e1vs\u00ed, \u010cesk\u00fd T\u011b\u0161\u00edn 2018, 219 s. <em>(Luk\u00e1\u0161 Turo\u0148)<\/em><\/h3>\n\n\n\n<h2 class=\"wp-block-heading\"><a href=\"\/wp-content\/uploads\/CSZMB_1_2020_8.pdf\">Chronicle<\/a><\/h2>\n\n\n\n<h3 class=\"wp-block-heading\">Konference Textil v muzeu <em>(Martina Polom\u00edkov\u00e1)<\/em><\/h3>\n\n\n\n<h3 class=\"wp-block-heading\">Konference konzerv\u00e1tor\u016f-restaur\u00e1tor\u016f <em>(Zuzana Plachk\u00e1)<\/em><\/h3>\n\n\n\n<h3 class=\"wp-block-heading\">Z\u00e1ludnosti konzervov\u00e1n\u00ed-restaurov\u00e1n\u00ed historick\u00fdch zbran\u00ed a zbroje (kovy, d\u0159evo, k\u016f\u017ee, kost, rohovina, perle\u0165, textil) <em>(Zuzana Plachk\u00e1)<\/em><\/h3>","protected":false},"excerpt":{"rendered":"<p>\u010cASOPIS SZM, s\u00e9rie B \u2013 V\u011aDY HISTORICK\u00c9 LXIX \/ 1 \/ 2020 P\u0159\u00edsp\u011bvek k historii farnosti \u0160ilhe\u0159ovice na Opavsku do po\u010d\u00e1tku 18. stolet\u00ed A paper on the history of the parish of \u0160ilhe\u0159ovice in the Opava region until the beginning of the 18th century Marek Skupien The study tries to briefly present the history of&hellip; <a class=\"more-link\" href=\"https:\/\/cszmb.cz\/en\/2020-01\/\">Continue reading <span class=\"screen-reader-text\">2020-01<\/span><\/a><\/p>","protected":false},"author":1,"featured_media":0,"parent":0,"menu_order":0,"comment_status":"closed","ping_status":"closed","template":"","meta":{"footnotes":""},"class_list":["post-215","page","type-page","status-publish","hentry","entry"],"_links":{"self":[{"href":"https:\/\/cszmb.cz\/en\/wp-json\/wp\/v2\/pages\/215","targetHints":{"allow":["GET"]}}],"collection":[{"href":"https:\/\/cszmb.cz\/en\/wp-json\/wp\/v2\/pages"}],"about":[{"href":"https:\/\/cszmb.cz\/en\/wp-json\/wp\/v2\/types\/page"}],"author":[{"embeddable":true,"href":"https:\/\/cszmb.cz\/en\/wp-json\/wp\/v2\/users\/1"}],"replies":[{"embeddable":true,"href":"https:\/\/cszmb.cz\/en\/wp-json\/wp\/v2\/comments?post=215"}],"version-history":[{"count":4,"href":"https:\/\/cszmb.cz\/en\/wp-json\/wp\/v2\/pages\/215\/revisions"}],"predecessor-version":[{"id":488,"href":"https:\/\/cszmb.cz\/en\/wp-json\/wp\/v2\/pages\/215\/revisions\/488"}],"wp:attachment":[{"href":"https:\/\/cszmb.cz\/en\/wp-json\/wp\/v2\/media?parent=215"}],"curies":[{"name":"wp","href":"https:\/\/api.w.org\/{rel}","templated":true}]}}