{"id":210,"date":"2021-10-17T22:12:12","date_gmt":"2021-10-17T20:12:12","guid":{"rendered":"https:\/\/cszmb.cz\/?page_id=210"},"modified":"2021-11-06T14:06:10","modified_gmt":"2021-11-06T13:06:10","slug":"2020-03","status":"publish","type":"page","link":"https:\/\/cszmb.cz\/en\/2020-03\/","title":{"rendered":"2020-03"},"content":{"rendered":"<h1 class=\"has-text-align-right wp-block-heading\">\u010cASOPIS SZM, s\u00e9rie B \u2013 V\u011aDY HISTORICK\u00c9 LXIX \/ 3 \/ 2020<\/h1>\n\n\n\n<h2 class=\"wp-block-heading\"><a href=\"\/wp-content\/uploads\/CSZMB_3_2020_1.pdf\">Ben\u00e1tsk\u00fd \u201epoh\u00e1r\u201c a dal\u0161\u00ed sklen\u011bn\u00e9 n\u00e1lezy z hradu Sovince<\/a><\/h2>\n\n\n\n<h3 class=\"wp-block-heading\">Venetian \u201cGoblet\u201d and Other Glass Finds from Sovinec Castle<\/h3>\n\n\n\n<h4 class=\"wp-block-heading\">Kate\u0159ina Va\u010furov\u00e1<\/h4>\n\n\n\n<h5 class=\"wp-block-heading\">The article aims to present glass finds from Sovinec Castle, which are now stored in the collections of the Silesian  Museum in Opava. Although only fragments of four glass objects have been preserved, these finds still tell a lot about the social conditions of the castle owners in the late Middle Ages and early modern times. Among the finds, a Venetian Goblet, which has no analogy in Moravia or Silesia yet, stands out.<\/h5>\n\n\n\n<h2 class=\"wp-block-heading\"><a href=\"\/wp-content\/uploads\/CSZMB_3_2020_2.pdf\">Kostel svat\u00e9ho Jana K\u0159titele ve Sk\u0159ipov\u011b (okr. Opava) a sakr\u00e1ln\u00ed architektura \u010desk\u00e9ho Slezska a Moravy v prvn\u00ed polovin\u011b 19. stolet\u00ed<\/a><\/h2>\n\n\n\n<h3 class=\"wp-block-heading\">Church of St. John the Baptist in Sk\u0159ipov (the District of Opava) and Sacral Architecture of Czech Silesia and Moravia in the First Half of the 19th Century<\/h3>\n\n\n\n<h4 class=\"wp-block-heading\">Pavel \u0160op\u00e1k<\/h4>\n\n\n\n<h5 class=\"wp-block-heading\">The text pays attention to the Church of St. John the Baptist in Sk\u0159ipov (the District of Opava) from 1841 to 1844; its older predecessor, demolished in 1841, is mentioned; the author of the new building (Kajet\u00e1n Habl) is considered; the presentation of the church provides an opportunity to look at the sacral architecture of Czech Silesia from 1800 to 1850.<\/h5>\n\n\n\n<h2 class=\"wp-block-heading\"><a href=\"\/wp-content\/uploads\/CSZMB_3_2020_3.pdf\">Stavebn\u00ed rozvoj Karlovy Stud\u00e1nky ve druh\u00e9 polovin\u011b 19. a na po\u010d\u00e1tku 20. stolet\u00ed \u010c\u00e1st I.<\/a><\/h2>\n\n\n\n<h3 class=\"wp-block-heading\">Housing Development of Karlova Stud\u00e1nka in the Second Half of the 19th and at the Beginning of the 20th Century. Part I.<\/h3>\n\n\n\n<h4 class=\"wp-block-heading\">Robert \u0160rek<\/h4>\n\n\n\n<h5 class=\"wp-block-heading\">The study deals with the architectural and urban development of the spa complex in Karlova Stud\u00e1nka in the second half of the 19th century and at the beginning of the 20th century. Based on a detailed survey of archival sources stored in the Land Archive in Opava, it looks at the process of transformation of this spa in a broader scope; it does not only notice the architects themselves and the stylistic changes in the buildings, but it also examines the role of the individual components of the administrative apparatus of the Order of the Teutonic Knights. There are two basic periods in the development of Karlova Stud\u00e1nka: 1) from the 1850s to the 1880s; 2) from the 1890s until 1918. The study is published as a serial comprising three parts.<\/h5>\n\n\n\n<h2 class=\"wp-block-heading\"><a href=\"\/wp-content\/uploads\/CSZMB_3_2020_4.pdf\">\u010ceskoslovensko-jihoslovansk\u00e1 liga v Moravsk\u00e9 Ostrav\u011b <\/a><\/h2>\n\n\n\n<h3 class=\"wp-block-heading\">Czechoslovak-South Slavic League in Moravian Ostrava<\/h3>\n\n\n\n<h4 class=\"wp-block-heading\">Kate\u0159ina Kol\u00e1\u0159ov\u00e1<\/h4>\n\n\n\n<h5 class=\"wp-block-heading\">In the article, the author tries to outline the Czechoslovak-Yugoslav interwar relations in Moravian Ostrava maintained by the local department of the Czechoslovak-South Slavic League. It pays attention to federal life in Moravian Ostrava in general and describes the situation regarding the establishment, organization and operation of the local department, including all its activities, such as organizing language courses, lectures or cultural events intended for the general public. She tries (for example with regard to the cooperation with other associations that operated in Moravian Ostrava) to point out the scope of work, thanks to which a more lasting benefit for the Czechoslovak-South Slavic, or Yugoslav, reciprocity and she also indicates the limits of this activity.<\/h5>\n\n\n\n<h2 class=\"wp-block-heading\"><a href=\"\/wp-content\/uploads\/CSZMB_3_2020_5.pdf\">Material Studies<\/a><\/h2>\n\n\n\n<h3 class=\"wp-block-heading\">Dokumentace demolovan\u00e9 kabelov\u00e9 komory KK 4\/OP\/B v Opav\u011b \u2013 Kate\u0159ink\u00e1ch archeologick\u00fdmi metodami <em>(Ji\u0159\u00ed Juchelka)<\/em><\/h3>\n\n\n\n<h2 class=\"wp-block-heading\"><a href=\"\/wp-content\/uploads\/CSZMB_3_2020_6.pdf\">Material Studies<\/a><\/h2>\n\n\n\n<h3 class=\"wp-block-heading\">Nov\u00e9 n\u00e1lezy sou\u010d\u00e1st\u00ed ryt\u00ed\u0159sk\u00e9ho opasku v archeologick\u00e9 sb\u00edrce SZM<em>(So\u0148a Kr\u00e1lov\u00e1)<\/em><\/h3>\n\n\n\n<h2 class=\"wp-block-heading\"><a href=\"\/wp-content\/uploads\/CSZMB_3_2020_7.pdf\">Anniversaries<\/a><\/h2>\n\n\n\n<h3 class=\"wp-block-heading\">Olt\u00e1\u0159n\u00ed architektura Johanna Nitsche <em>(Pavel \u0160op\u00e1k)<\/em><\/h3>\n\n\n\n<h2 class=\"wp-block-heading\"><a href=\"\/wp-content\/uploads\/CSZMB_3_2020_8.pdf\">Reviews<\/a><\/h2>\n\n\n\n<h3 class=\"wp-block-heading\">Libor MARTINEK, Wilhelm Przeczek. Monografie, Wroc\u0142aw 2018, 424 s. <em>(Sylva Pracn\u00e1)<\/em><\/h3>\n\n\n\n<h2 class=\"wp-block-heading\"><a href=\"\/wp-content\/uploads\/CSZMB_3_2020_9.pdf\">Chronicle<\/a><\/h2>\n\n\n\n<h3 class=\"wp-block-heading\">Jubilejn\u00ed XX. svatov\u00e1clavsk\u00e9 setk\u00e1n\u00ed v Jesen\u00edku v roce 2020 <em>(Pracovn\u00edci Vlastiv\u011bd\u00e9ho muzea Jesenicka)<\/em><\/h3>\n\n\n\n<h3 class=\"wp-block-heading\">XV. konference policejn\u00edch historik\u016f v Praze <em>(Ivana Kol\u00e1\u0159ov\u00e1)<\/em><\/h3>\n\n\n\n<h3 class=\"wp-block-heading\">Jitka Nou\u0161ov\u00e1 (1932\u20132020) <em>(Pavel \u0160op\u00e1k)<\/em><\/h3>","protected":false},"excerpt":{"rendered":"<p>\u010cASOPIS SZM, s\u00e9rie B \u2013 V\u011aDY HISTORICK\u00c9 LXIX \/ 3 \/ 2020 Ben\u00e1tsk\u00fd \u201epoh\u00e1r\u201c a dal\u0161\u00ed sklen\u011bn\u00e9 n\u00e1lezy z hradu Sovince Venetian \u201cGoblet\u201d and Other Glass Finds from Sovinec Castle Kate\u0159ina Va\u010furov\u00e1 The article aims to present glass finds from Sovinec Castle, which are now stored in the collections of the Silesian Museum in Opava.&hellip; <a class=\"more-link\" href=\"https:\/\/cszmb.cz\/en\/2020-03\/\">Continue reading <span class=\"screen-reader-text\">2020-03<\/span><\/a><\/p>","protected":false},"author":1,"featured_media":0,"parent":0,"menu_order":0,"comment_status":"closed","ping_status":"closed","template":"","meta":{"footnotes":""},"class_list":["post-210","page","type-page","status-publish","hentry","entry"],"_links":{"self":[{"href":"https:\/\/cszmb.cz\/en\/wp-json\/wp\/v2\/pages\/210","targetHints":{"allow":["GET"]}}],"collection":[{"href":"https:\/\/cszmb.cz\/en\/wp-json\/wp\/v2\/pages"}],"about":[{"href":"https:\/\/cszmb.cz\/en\/wp-json\/wp\/v2\/types\/page"}],"author":[{"embeddable":true,"href":"https:\/\/cszmb.cz\/en\/wp-json\/wp\/v2\/users\/1"}],"replies":[{"embeddable":true,"href":"https:\/\/cszmb.cz\/en\/wp-json\/wp\/v2\/comments?post=210"}],"version-history":[{"count":4,"href":"https:\/\/cszmb.cz\/en\/wp-json\/wp\/v2\/pages\/210\/revisions"}],"predecessor-version":[{"id":492,"href":"https:\/\/cszmb.cz\/en\/wp-json\/wp\/v2\/pages\/210\/revisions\/492"}],"wp:attachment":[{"href":"https:\/\/cszmb.cz\/en\/wp-json\/wp\/v2\/media?parent=210"}],"curies":[{"name":"wp","href":"https:\/\/api.w.org\/{rel}","templated":true}]}}