{"id":135,"date":"2021-10-15T12:53:16","date_gmt":"2021-10-15T10:53:16","guid":{"rendered":"https:\/\/cszmb.cz\/?page_id=135"},"modified":"2022-02-08T20:49:35","modified_gmt":"2022-02-08T19:49:35","slug":"2021-01","status":"publish","type":"page","link":"https:\/\/cszmb.cz\/en\/2021-01\/","title":{"rendered":"2021-01"},"content":{"rendered":"<h1 class=\"has-text-align-right wp-block-heading\" id=\"casopis-szm-serie-b-vedy-historicke-lxx-1-2021\">\u010cASOPIS SZM, s\u00e9rie B \u2013 V\u011aDY HISTORICK\u00c9 LXX \/ 1 \/ 2021<\/h1>\n\n\n\n<h2 class=\"wp-block-heading\" id=\"stredoveke-a-novoveke-sklo-z-dominikanskeho-klastera-v-opave\"><a href=\"\/wp-content\/uploads\/CSZMB_1_2021_1.pdf\">St\u0159edov\u011bk\u00e9 a novov\u011bk\u00e9 sklo z dominik\u00e1nsk\u00e9ho kl\u00e1\u0161tera v Opav\u011b<\/a><\/h2>\n\n\n\n<h3 class=\"wp-block-heading\" id=\"medieval-and-modern-glassware-from-the-dominican-monastery-in-opava\">Medieval and Modern Glassware from the Dominican Monastery in Opava<\/h3>\n\n\n\n<h4 class=\"wp-block-heading\" id=\"sona-kralova-katerina-vadurova\">So\u0148a Kr\u00e1lov\u00e1 \u2013 Kate\u0159ina Va\u010furov\u00e1<\/h4>\n\n\n\n<h5 class=\"wp-block-heading\" id=\"the-aim-of-this-paper-is-to-present-a-rich-collection-of-medieval-and-modern-glassware-obtained-duringmany-years-of-research-into-the-dominican-monastery-in-opava-which-was-carried-out-by-the-silesian-museum-under-the-leadership-of-vlasta-sikulova-medieval-glassware-is-represented-mainly-by-finds-from-layers-and-buildings-buried-in-connection-with-the-construction-of-the-monastery-and-by-stained-glass-which-adorned-the-windows-of-the-church-of-st-wenceslas-the-set-of-modern-glassware-consisting-mainly-of-hanging-oil-lamps-and-other-discarded-liturgical-utensils-stands-out-significantly-in-terms-of-its-quantity-over-other-archaeological-finds-of-glassware-from-church-buildings-published-so-far\">The aim of this paper is to present a rich collection of medieval and modern glassware obtained duringmany years of research into the Dominican Monastery in Opava, which was carried out by the Silesian Museum under the leadership of Vlasta \u0160ikulov\u00e1. Medieval glassware is represented mainly by finds from layers and buildings buried in connection with the construction of the monastery and by stained glass, which adorned the windows of the church of St. Wenceslas. The set of modern glassware, consisting mainly of hanging oil lamps and other discarded liturgical utensils, stands out significantly, in terms of its quantity, over other archaeological finds of glassware from church buildings published so far.<\/h5>\n\n\n\n<h2 class=\"wp-block-heading\" id=\"kachel-s-motivem-korunovane-assumpty-a-jeziska-z-ostravy\"><a href=\"\/wp-content\/uploads\/CSZMB_1_2021_2.pdf\">Kachel s motivem korunovan\u00e9 Assumpty a Je\u017e\u00ed\u0161ka z Ostravy<\/a><\/h2>\n\n\n\n<h3 class=\"wp-block-heading\" id=\"a-tile-with-the-motif-of-the-crowned-assumpta-and-baby-jesus-from-ostrava\">A Tile with the Motif of the Crowned Assumpta and Baby Jesus from Ostrava<\/h3>\n\n\n\n<h4 class=\"wp-block-heading\" id=\"zbynek-moravec\">Zbyn\u011bk Moravec<\/h4>\n\n\n\n<h5 class=\"wp-block-heading\" id=\"the-article-is-based-on-a-photograph-of-a-tile-from-15th-16th-century-which-was-taken-in-1943-and-is-now-stored-in-the-photo-archive-of-the-silesian-museum-the-iconography-as-well-as-the-possible-production-and-situational-context-of-the-object-which-is-probably-missing-today-are-evaluated\">The article is based on a photograph of a tile from 15th\/16th century, which was taken in 1943 and is now stored in the photo archive of the Silesian Museum. The iconography as well as the possible production and situational context of the object, which is probably missing today, are evaluated. <\/h5>\n\n\n\n<h2 class=\"wp-block-heading\" id=\"prispevek-k-poznani-stavebniho-vyvoje-a-historie-mestanskeho-domu-cp-210-na-ostrozne-ulici-c-8-v-opave\"><a href=\"\/wp-content\/uploads\/CSZMB_1_2021_3.pdf\">P\u0159\u00edsp\u011bvek k pozn\u00e1n\u00ed stavebn\u00edho v\u00fdvoje a historie m\u011b\u0161\u0165ansk\u00e9ho domu \u010dp. 210 na Ostro\u017en\u00e9 ulici \u010d. 8 v Opav\u011b<\/a><\/h2>\n\n\n\n<h3 class=\"wp-block-heading\" id=\"contribution-to-recognition-of-construction-development-and-history-of-the-town-house-no-210-in-ostrozna-street-no-8-in-opava\">Contribution to Recognition of Construction Development and History of the Town House no. 210 in Ostro\u017en\u00e1 Street no. 8 in Opava<\/h3>\n\n\n\n<h4 class=\"wp-block-heading\" id=\"ondrej-hanicak\">Ond\u0159ej Hani\u010d\u00e1k<\/h4>\n\n\n\n<h5 class=\"wp-block-heading\" id=\"the-subject-of-the-study-is-the-interpretation-of-the-construction-development-and-history-of-the-municipal-house-no-210-situated-in-the-historical-centre-of-opava-text-presents-facts-about-development-phases-of-the-construction-of-the-building-from-the-renaissance-period-baroque-and-classicism-periods-until-the-historicizing-period-in-the-19th-century-the-clarification-of-the-context-of-some-degradation-changes-of-the-building-and-the-yard-buildings-in-the-20th-century-is-also-part-of-this-text-the-modifications-are-put-into-context-not-only-with-the-owners-and-the-builders-implementing-them-but-also-in-the-context-of-contemporary-architectural-culture-of-the-wider-region\">The subject of the study is the interpretation of the construction development and history of the municipal house no. 210, situated in the historical centre of Opava. Text presents facts about development phases of the construction of the building from the Renaissance period, Baroque and Classicism periods until the historicizing period in the 19th century. The clarification of the context of some degradation changes of the building and the yard buildings in the 20th century is also part of this text. The modifications are put into context not only with the owners and the builders  implementing them, but also in the context of contemporary architectural culture of the wider region.<\/h5>\n\n\n\n<h2 class=\"wp-block-heading\" id=\"stavebni-rozvoj-karlovy-studanky-ve-druhe-polovine-19-a-na-pocatku-20-stoleti-cast-ii\"><a href=\"\/wp-content\/uploads\/CSZMB_1_2021_4.pdf\">Stavebn\u00ed rozvoj Karlovy Stud\u00e1nky ve druh\u00e9 polovin\u011b 19. a na po\u010d\u00e1tku 20. stolet\u00ed \u010c\u00e1st II.<\/a><\/h2>\n\n\n\n<h3 class=\"wp-block-heading\" id=\"housing-development-of-karlova-studanka-in-the-second-half-of-the-19th-and-at-the-beginning\">Housing Development of Karlova Stud\u00e1nka in the Second Half of the 19th and at the Beginning<\/h3>\n\n\n\n<h4 class=\"wp-block-heading\" id=\"robert-srek\">Robert \u0160rek<\/h4>\n\n\n\n<h5 class=\"wp-block-heading\" id=\"the-study-deals-with-the-architectural-and-urban-development-of-the-spa-complex-in-karlova-studanka-in-the-second-half-of-the-19th-century-and-at-the-beginning-of-the-20th-century-based-on-a-detailed-survey-of-archival-sources-stored-in-the-land-archive-in-opava-it-looks-at-the-process-of-transformation-of-this-spa-in-a-broader-scope-it-does-not-only-notice-the-architects-themselves-and-the-stylistic-changes-in-the-buildings-but-it-also-examines-the-role-of-the-individual-components-of-the-administrative-apparatus-of-the-order-of-the-teutonic-knights-there-are-two-basic-periods-in-the-development-of-karlova-studanka-1-from-the-1850s-to-the-1880s-2-from-the-1890s-until-1918-the-study-is-published-as-a-serial-comprising-three-parts\">The study deals with the architectural and urban development of the spa complex in Karlova Stud\u00e1nka in the second half of the 19th century and at the beginning of the 20th century. Based on a detailed survey of archival sources stored in the Land Archive in Opava, it looks at the process of transformation of this spa in a broader scope; it does not only notice the architects themselves and the stylistic changes in the buildings, but it also examines the role of the individual components of the administrative apparatus of the Order of the Teutonic Knights. There are two basic periods in the development of Karlova Stud\u00e1nka: 1) from the 1850s to the 1880s; 2) from the 1890s until 1918. The study is published as a serial comprising three parts.<\/h5>\n\n\n\n<h2 class=\"wp-block-heading\" id=\"historie-vyroby-ocelovych-lahvi-ve-vitkovicich-cast-i-od-pocatku-vyroby-do-konce-druhe-svetove-valky\"><a href=\"\/wp-content\/uploads\/CSZMB_1_2021_1.pdf\">Historie v\u00fdroby ocelov\u00fdch lahv\u00ed ve V\u00edtkovic\u00edch  &#8211; \u010c\u00e1st I.: Od po\u010d\u00e1tk\u016f v\u00fdroby do konce druh\u00e9 sv\u011btov\u00e9 v\u00e1lky.  <\/a><\/h2>\n\n\n\n<h3 class=\"wp-block-heading\" id=\"history-of-steel-bottle-production-in-vitkovice-part-i-from-the-beginning-of-the-production-to-the-end-of-world-war-ii\">History of Steel Bottle Production in V\u00edtkovice. &#8211; Part I: From the Beginning of the Production to the End of World War II.<\/h3>\n\n\n\n<h4 class=\"wp-block-heading\" id=\"ondrej-starman\">Ond\u0159ej \u0160tarman<\/h4>\n\n\n\n<h5 class=\"wp-block-heading\" id=\"the-text-presented-is-the-first-part-of-a-three-part-series-which-aims-to-acquaint-the-reader-with-the-history-of-the-production-of-pressure-steel-cylinders-in-the-vitkovice-ironworks-based-on-excerpts-from-the-company-s-archive-sources-the-study-reconstructs-the-production-of-bottles-from-the-first-written-mentions-at-the-beginning-of-the-20th-century-through-the-rapid-inter-war-development-to-the-specific-period-of-nazi-occupation\">The text presented is the first part of a three-part series, which aims to acquaint the reader with the history of the production of pressure steel cylinders in the V\u00edtkovice Ironworks. Based on excerpts from the company\u2018s archive sources, the study reconstructs the production of bottles from the first written mentions at the beginning of the 20th century, through the rapid inter-war development to the specific period of Nazi occupation.<\/h5>\n\n\n\n<h2 class=\"wp-block-heading\" id=\"materialie\"><a href=\"\/wp-content\/uploads\/CSZMB_1_2021_6.pdf\">MATERI\u00c1LIE<\/a><\/h2>\n\n\n\n<h3 class=\"wp-block-heading\" id=\"skladanky-v-lahvich-dila-trpelivosti-a-dovednosti-miroslava-suchankova\">Skl\u00e1danky v lahv\u00edch, d\u00edla trp\u011blivosti a dovednosti <em>(Miroslava Such\u00e1nkov\u00e1)<\/em><\/h3>\n\n\n\n<h2 class=\"wp-block-heading\" id=\"recenze-a-zpravy-o-literature\"><a href=\"\/wp-content\/uploads\/CSZMB_1_2021_7.pdf\">RECENZE A ZPR\u00c1VY O LITERATU\u0158E<\/a><\/h2>\n\n\n\n<h3 class=\"wp-block-heading\" id=\"jiri-knapik-heller-kristian-aneb-opavska-vest-pocket-revue-1933-jiri-stefanides\">Ji\u0159\u00ed KNAP\u00cdK, Heller &amp; Kristian aneb opavsk\u00e1 Vest pocket revue (1933) <em>(Ji\u0159\u00ed \u0160tefanides)<\/em><\/h3>","protected":false},"excerpt":{"rendered":"<p>\u010cASOPIS SZM, s\u00e9rie B \u2013 V\u011aDY HISTORICK\u00c9 LXX \/ 1 \/ 2021 St\u0159edov\u011bk\u00e9 a novov\u011bk\u00e9 sklo z dominik\u00e1nsk\u00e9ho kl\u00e1\u0161tera v Opav\u011b Medieval and Modern Glassware from the Dominican Monastery in Opava So\u0148a Kr\u00e1lov\u00e1 \u2013 Kate\u0159ina Va\u010furov\u00e1 The aim of this paper is to present a rich collection of medieval and modern glassware obtained duringmany years&hellip; <a class=\"more-link\" href=\"https:\/\/cszmb.cz\/en\/2021-01\/\">Continue reading <span class=\"screen-reader-text\">2021-01<\/span><\/a><\/p>","protected":false},"author":1,"featured_media":0,"parent":0,"menu_order":0,"comment_status":"closed","ping_status":"closed","template":"","meta":{"footnotes":""},"class_list":["post-135","page","type-page","status-publish","hentry","entry"],"_links":{"self":[{"href":"https:\/\/cszmb.cz\/en\/wp-json\/wp\/v2\/pages\/135","targetHints":{"allow":["GET"]}}],"collection":[{"href":"https:\/\/cszmb.cz\/en\/wp-json\/wp\/v2\/pages"}],"about":[{"href":"https:\/\/cszmb.cz\/en\/wp-json\/wp\/v2\/types\/page"}],"author":[{"embeddable":true,"href":"https:\/\/cszmb.cz\/en\/wp-json\/wp\/v2\/users\/1"}],"replies":[{"embeddable":true,"href":"https:\/\/cszmb.cz\/en\/wp-json\/wp\/v2\/comments?post=135"}],"version-history":[{"count":5,"href":"https:\/\/cszmb.cz\/en\/wp-json\/wp\/v2\/pages\/135\/revisions"}],"predecessor-version":[{"id":615,"href":"https:\/\/cszmb.cz\/en\/wp-json\/wp\/v2\/pages\/135\/revisions\/615"}],"wp:attachment":[{"href":"https:\/\/cszmb.cz\/en\/wp-json\/wp\/v2\/media?parent=135"}],"curies":[{"name":"wp","href":"https:\/\/api.w.org\/{rel}","templated":true}]}}